{"id":9108,"date":"2023-07-03T19:15:04","date_gmt":"2023-07-03T17:15:04","guid":{"rendered":"https:\/\/fotofreunde-schwarzenbek.de\/?page_id=9108"},"modified":"2025-02-26T20:05:09","modified_gmt":"2025-02-26T19:05:09","slug":"vita-ronald","status":"publish","type":"page","link":"https:\/\/fotofreunde-schwarzenbek.de\/?page_id=9108","title":{"rendered":"Vita Ronald"},"content":{"rendered":"<p>[et_pb_section fb_built=&#8220;1&#8243; admin_label=&#8220;section&#8220; _builder_version=&#8220;4.16&#8243; background_color=&#8220;#e0ddd9&#8243; global_colors_info=&#8220;{}&#8220;][et_pb_row use_custom_gutter=&#8220;on&#8220; gutter_width=&#8220;1&#8243; admin_label=&#8220;row&#8220; _builder_version=&#8220;4.16&#8243; background_color=&#8220;#ffffff&#8220; background_size=&#8220;initial&#8220; background_position=&#8220;top_left&#8220; background_repeat=&#8220;repeat&#8220; width_tablet=&#8220;100%&#8220; width_phone=&#8220;100%&#8220; width_last_edited=&#8220;on|tablet&#8220; max_width_tablet=&#8220;&#8220; max_width_phone=&#8220;2560%&#8220; max_width_last_edited=&#8220;on|phone&#8220; custom_margin=&#8220;-33px||&#8220; global_colors_info=&#8220;{}&#8220;][et_pb_column type=&#8220;4_4&#8243; _builder_version=&#8220;4.16&#8243; custom_padding=&#8220;|||&#8220; global_colors_info=&#8220;{}&#8220; custom_padding__hover=&#8220;|||&#8220;][et_pb_gallery gallery_ids=&#8220;9114,9119,9467,9466,9465,9118,9464,9463&#8243; gallery_captions=&#8220;Dezember 18 &#8211; Vater &#038; Sohn &#8211; Herrmann Hauffe,November 18 &#8211; Der Aufmerksame &#8211; Herrmann Hauffe,Oktober 18 &#8211; Rosemarie K\u00fchnert,September 18 &#8211; Die-W\u00fcste holt sich alles zur\u00fcck- Rosemarie K\u00fchnert ,August 18 &#8211; Schrittweise &#8211; Rosemarie K\u00fchnert,Juli 18 &#8211; Fischer auf dem Walchensee bei Sonnenaufgang &#8211; Stefan Stauch,Juni 18 &#8211; Bei den Ilsef\u00e4llen &#8211; Stefan Stauch,Mai 18 &#8211; Die kuschelnden Drei &#8211; Herrmann Hauffe,April 18 &#8211; Seitensprung &#8211; Helmut K\u00fchnert,M\u00e4rz 18 &#8211; Frostige Verg\u00e4nglichkeit &#8211; Bettina Fulfs,Februar 18 &#8211; Lemur Affenart auf Madagaskar &#8211; Helmut-K\u00fchnert,Januar 18 &#8211; D\u00fcne in der Namib &#8211; Helmut-K\u00fchnert,12-Dezember &#8211; Essenfassen &#8211; Bettina Fulfs,11 November &#8211; es gibt estwas zu sagen &#8211; Heinz Winter,10 Oktober &#8211; Entenk\u00fcken &#8211; Rosemarie K\u00fchnert&#8220; show_title_and_caption=&#8220;off&#8220; zoom_icon_color=&#8220;rgba(96,96,112,0.57)&#8220; hover_overlay_color=&#8220;rgba(255,255,255,0.62)&#8220; admin_label=&#8220;Galerie BdM&#8220; _builder_version=&#8220;4.21.0&#8243; custom_padding=&#8220;|10px||10px&#8220; custom_padding_tablet=&#8220;&#8220; custom_padding_phone=&#8220;&#8220; custom_padding_last_edited=&#8220;on|phone&#8220; z_index_tablet=&#8220;500&#8243; custom_css_gallery_item=&#8220;padding: 5px;||&#8220; title_text_shadow_horizontal_length_tablet=&#8220;0px&#8220; title_text_shadow_vertical_length_tablet=&#8220;0px&#8220; title_text_shadow_blur_strength_tablet=&#8220;1px&#8220; caption_text_shadow_horizontal_length_tablet=&#8220;0px&#8220; caption_text_shadow_vertical_length_tablet=&#8220;0px&#8220; caption_text_shadow_blur_strength_tablet=&#8220;1px&#8220; pagination_text_shadow_horizontal_length_tablet=&#8220;0px&#8220; pagination_text_shadow_vertical_length_tablet=&#8220;0px&#8220; pagination_text_shadow_blur_strength_tablet=&#8220;1px&#8220; box_shadow_horizontal_tablet=&#8220;0px&#8220; box_shadow_vertical_tablet=&#8220;0px&#8220; box_shadow_blur_tablet=&#8220;40px&#8220; box_shadow_spread_tablet=&#8220;0px&#8220; box_shadow_horizontal_image_tablet=&#8220;0px&#8220; box_shadow_vertical_image_tablet=&#8220;0px&#8220; box_shadow_blur_image_tablet=&#8220;40px&#8220; box_shadow_spread_image_tablet=&#8220;0px&#8220; text_shadow_horizontal_length_tablet=&#8220;0px&#8220; text_shadow_vertical_length_tablet=&#8220;0px&#8220; text_shadow_blur_strength_tablet=&#8220;1px&#8220; locked=&#8220;off&#8220; global_colors_info=&#8220;{}&#8220;][\/et_pb_gallery][\/et_pb_column][\/et_pb_row][et_pb_row column_structure=&#8220;1_4,3_4&#8243; use_custom_gutter=&#8220;on&#8220; gutter_width=&#8220;1&#8243; make_equal=&#8220;on&#8220; _builder_version=&#8220;4.21.0&#8243; background_color=&#8220;#ffffff&#8220; width_tablet=&#8220;100%&#8220; width_phone=&#8220;100%&#8220; width_last_edited=&#8220;on|tablet&#8220; max_width_tablet=&#8220;&#8220; max_width_phone=&#8220;&#8220; max_width_last_edited=&#8220;on|desktop&#8220; global_colors_info=&#8220;{}&#8220;][et_pb_column type=&#8220;1_4&#8243; _builder_version=&#8220;4.16&#8243; custom_padding=&#8220;|||&#8220; global_colors_info=&#8220;{}&#8220; custom_padding__hover=&#8220;|||&#8220;][et_pb_image src=&#8220;https:\/\/fotofreunde-schwarzenbek.de\/wp-content\/uploads\/2023\/07\/Ronald.jpg&#8220; title_text=&#8220;Ronald&#8220; _builder_version=&#8220;4.21.0&#8243; _module_preset=&#8220;default&#8220; global_colors_info=&#8220;{}&#8220;][\/et_pb_image][\/et_pb_column][et_pb_column type=&#8220;3_4&#8243; _builder_version=&#8220;4.16&#8243; custom_padding=&#8220;|||&#8220; custom_css_main_element=&#8220;||padding: 30px;&#8220; global_colors_info=&#8220;{}&#8220; custom_padding__hover=&#8220;|||&#8220;][et_pb_text _builder_version=&#8220;4.21.0&#8243; text_font=&#8220;||||||||&#8220; text_text_color=&#8220;#000000&#8243; height_tablet=&#8220;&#8220; height_phone=&#8220;&#8220; height_last_edited=&#8220;on|phone&#8220; custom_padding=&#8220;7px|||||&#8220; global_colors_info=&#8220;{}&#8220;]<\/p>\n<p><strong>Ronald Mayer<\/strong><\/p>\n<p style=\"font-weight: 400;\">(Spiegelreflex-) Fotografie betreibe ich seit meinem 16. Lebensjahr. Angefangen mit einer Miranda, \u00fcbergegangen zu einer Konica und gelandet bei der ersten Spiegelreflexkamera der Welt, die sowohl Zeitautomatik als auch Blendenautomatik beherrschte, der Canon A1. Der Marke bin ich dann auch, trotz \u201eUnkenrufen\u201c einiger Kollegen, treu geblieben. Seit ich mit 20 Jahren staunend vor der Akropolis in Athen stand, fasziniert mich die Architektur (das alte \u00c4gypten, Inka, Maya, etc). Hinzu kamen dann Landschaften, Gegenlichtaufnahmen und insbesondere Menschen.<\/p>\n<p style=\"font-weight: 400;\">Durch Verwendung von Weitwinkelobjektiven in der Landschaftsfotografie entstand zwangsl\u00e4ufig viel Himmel und ungenutzter Vordergrund. Deshalb beschneide ich entsprechende Fotos in einem eigenen<span>\u00a0<\/span>Verh\u00e4ltnis. Entsprechend auf A3 ausgedruckt und oben und unten beschnitten ergeben sie dann mittlerweile, gestapelt, eine H\u00f6he von \u00fcber einem Meter. Ich liebe es, mir von Zeit zu Zeit Teile des \u201eBerges\u201c vorzunehmen und ihn nach jeder Reise zu vergr\u00f6\u00dfern.<\/p>\n<p>[\/et_pb_text][\/et_pb_column][\/et_pb_row][et_pb_row use_custom_gutter=&#8220;on&#8220; gutter_width=&#8220;1&#8243; admin_label=&#8220;row&#8220; _builder_version=&#8220;4.16&#8243; background_color=&#8220;#ffffff&#8220; background_size=&#8220;initial&#8220; background_position=&#8220;top_left&#8220; background_repeat=&#8220;repeat&#8220; width_tablet=&#8220;100%&#8220; width_phone=&#8220;100%&#8220; width_last_edited=&#8220;on|tablet&#8220; global_colors_info=&#8220;{}&#8220;][et_pb_column type=&#8220;4_4&#8243; _builder_version=&#8220;4.16&#8243; custom_padding=&#8220;|||&#8220; global_colors_info=&#8220;{}&#8220; custom_padding__hover=&#8220;|||&#8220;][et_pb_gallery gallery_ids=&#8220;9121,9129,9128,9125,9462,9461,9460,9459&#8243; gallery_captions=&#8220;Dezember 18 &#8211; Vater &#038; Sohn &#8211; Herrmann Hauffe,November 18 &#8211; Der Aufmerksame &#8211; Herrmann Hauffe,Oktober 18 &#8211; Rosemarie K\u00fchnert,September 18 &#8211; Die-W\u00fcste holt sich alles zur\u00fcck- Rosemarie K\u00fchnert ,August 18 &#8211; Schrittweise &#8211; Rosemarie K\u00fchnert,Juli 18 &#8211; Fischer auf dem Walchensee bei Sonnenaufgang &#8211; Stefan Stauch,Juni 18 &#8211; Bei den Ilsef\u00e4llen &#8211; Stefan Stauch,Mai 18 &#8211; Die kuschelnden Drei &#8211; Herrmann Hauffe,April 18 &#8211; Seitensprung &#8211; Helmut K\u00fchnert,M\u00e4rz 18 &#8211; Frostige Verg\u00e4nglichkeit &#8211; Bettina Fulfs,Februar 18 &#8211; Lemur Affenart auf Madagaskar &#8211; Helmut-K\u00fchnert,Januar 18 &#8211; D\u00fcne in der Namib &#8211; Helmut-K\u00fchnert,12-Dezember &#8211; Essenfassen &#8211; Bettina Fulfs,11 November &#8211; es gibt estwas zu sagen &#8211; Heinz Winter,10 Oktober &#8211; Entenk\u00fcken &#8211; Rosemarie K\u00fchnert&#8220; show_title_and_caption=&#8220;off&#8220; zoom_icon_color=&#8220;rgba(96,96,112,0.57)&#8220; hover_overlay_color=&#8220;rgba(255,255,255,0.62)&#8220; admin_label=&#8220;Galerie BdM&#8220; _builder_version=&#8220;4.21.0&#8243; custom_margin=&#8220;|7px||7px&#8220; custom_padding=&#8220;||41px|||&#8220; z_index_tablet=&#8220;500&#8243; custom_css_gallery_item=&#8220;padding: 5px;||&#8220; title_text_shadow_horizontal_length_tablet=&#8220;0px&#8220; title_text_shadow_vertical_length_tablet=&#8220;0px&#8220; title_text_shadow_blur_strength_tablet=&#8220;1px&#8220; caption_text_shadow_horizontal_length_tablet=&#8220;0px&#8220; caption_text_shadow_vertical_length_tablet=&#8220;0px&#8220; caption_text_shadow_blur_strength_tablet=&#8220;1px&#8220; pagination_text_shadow_horizontal_length_tablet=&#8220;0px&#8220; pagination_text_shadow_vertical_length_tablet=&#8220;0px&#8220; pagination_text_shadow_blur_strength_tablet=&#8220;1px&#8220; box_shadow_horizontal_tablet=&#8220;0px&#8220; box_shadow_vertical_tablet=&#8220;0px&#8220; box_shadow_blur_tablet=&#8220;40px&#8220; box_shadow_spread_tablet=&#8220;0px&#8220; box_shadow_horizontal_image_tablet=&#8220;0px&#8220; box_shadow_vertical_image_tablet=&#8220;0px&#8220; box_shadow_blur_image_tablet=&#8220;40px&#8220; box_shadow_spread_image_tablet=&#8220;0px&#8220; text_shadow_horizontal_length_tablet=&#8220;0px&#8220; text_shadow_vertical_length_tablet=&#8220;0px&#8220; text_shadow_blur_strength_tablet=&#8220;1px&#8220; locked=&#8220;off&#8220; global_colors_info=&#8220;{}&#8220;][\/et_pb_gallery][et_pb_button button_url=&#8220;https:\/\/fotofreunde-schwarzenbek.de\/?page_id=2078&#8243; button_text=&#8220;weiter zum n\u00e4chsten Mitglied&#8220; button_alignment=&#8220;right&#8220; _builder_version=&#8220;4.27.4&#8243; _module_preset=&#8220;default&#8220; custom_button=&#8220;on&#8220; button_text_color=&#8220;#000000&#8243; custom_padding=&#8220;0px|||||&#8220; hover_enabled=&#8220;0&#8243; global_colors_info=&#8220;{}&#8220; sticky_enabled=&#8220;0&#8243;][\/et_pb_button][\/et_pb_column][\/et_pb_row][\/et_pb_section]<\/p>\n","protected":false},"excerpt":{"rendered":"<p>Ronald Mayer (Spiegelreflex-) Fotografie betreibe ich seit meinem 16. Lebensjahr. Angefangen mit einer Miranda, \u00fcbergegangen zu einer Konica und gelandet bei der ersten Spiegelreflexkamera der Welt, die sowohl Zeitautomatik als auch Blendenautomatik beherrschte, der Canon A1. Der Marke bin ich dann auch, trotz \u201eUnkenrufen\u201c einiger Kollegen, treu geblieben. Seit ich mit 20 Jahren staunend vor [&hellip;]<\/p>\n","protected":false},"author":16,"featured_media":0,"parent":0,"menu_order":0,"comment_status":"closed","ping_status":"closed","template":"","meta":{"_et_pb_use_builder":"on","_et_pb_old_content":"","_et_gb_content_width":"","footnotes":""},"class_list":["post-9108","page","type-page","status-publish","hentry"],"yoast_head":"<!-- This site is optimized with the Yoast SEO plugin v27.2 - https:\/\/yoast.com\/product\/yoast-seo-wordpress\/ -->\n<title>Vita Ronald - Homepage der Fotofreunde Schwarzenbek<\/title>\n<meta name=\"robots\" content=\"index, follow, max-snippet:-1, max-image-preview:large, max-video-preview:-1\" \/>\n<link rel=\"canonical\" href=\"https:\/\/fotofreunde-schwarzenbek.de\/?page_id=9108\" \/>\n<meta property=\"og:locale\" content=\"de_DE\" \/>\n<meta property=\"og:type\" content=\"article\" \/>\n<meta property=\"og:title\" content=\"Vita Ronald - Homepage der Fotofreunde Schwarzenbek\" \/>\n<meta property=\"og:description\" content=\"Ronald Mayer (Spiegelreflex-) Fotografie betreibe ich seit meinem 16. Lebensjahr. Angefangen mit einer Miranda, \u00fcbergegangen zu einer Konica und gelandet bei der ersten Spiegelreflexkamera der Welt, die sowohl Zeitautomatik als auch Blendenautomatik beherrschte, der Canon A1. Der Marke bin ich dann auch, trotz \u201eUnkenrufen\u201c einiger Kollegen, treu geblieben. Seit ich mit 20 Jahren staunend vor [&hellip;]\" \/>\n<meta property=\"og:url\" content=\"https:\/\/fotofreunde-schwarzenbek.de\/?page_id=9108\" \/>\n<meta property=\"og:site_name\" content=\"Homepage der Fotofreunde Schwarzenbek\" \/>\n<meta property=\"article:modified_time\" content=\"2025-02-26T19:05:09+00:00\" \/>\n<meta name=\"twitter:card\" content=\"summary_large_image\" \/>\n<script type=\"application\/ld+json\" class=\"yoast-schema-graph\">{\"@context\":\"https:\/\/schema.org\",\"@graph\":[{\"@type\":\"WebPage\",\"@id\":\"https:\/\/fotofreunde-schwarzenbek.de\/?page_id=9108\",\"url\":\"https:\/\/fotofreunde-schwarzenbek.de\/?page_id=9108\",\"name\":\"Vita Ronald - Homepage der Fotofreunde Schwarzenbek\",\"isPartOf\":{\"@id\":\"https:\/\/fotofreunde-schwarzenbek.de\/#website\"},\"datePublished\":\"2023-07-03T17:15:04+00:00\",\"dateModified\":\"2025-02-26T19:05:09+00:00\",\"breadcrumb\":{\"@id\":\"https:\/\/fotofreunde-schwarzenbek.de\/?page_id=9108#breadcrumb\"},\"inLanguage\":\"de\",\"potentialAction\":[{\"@type\":\"ReadAction\",\"target\":[\"https:\/\/fotofreunde-schwarzenbek.de\/?page_id=9108\"]}]},{\"@type\":\"BreadcrumbList\",\"@id\":\"https:\/\/fotofreunde-schwarzenbek.de\/?page_id=9108#breadcrumb\",\"itemListElement\":[{\"@type\":\"ListItem\",\"position\":1,\"name\":\"Startseite\",\"item\":\"https:\/\/fotofreunde-schwarzenbek.de\/\"},{\"@type\":\"ListItem\",\"position\":2,\"name\":\"Vita Ronald\"}]},{\"@type\":\"WebSite\",\"@id\":\"https:\/\/fotofreunde-schwarzenbek.de\/#website\",\"url\":\"https:\/\/fotofreunde-schwarzenbek.de\/\",\"name\":\"Homepage der Fotofreunde Schwarzenbek\",\"description\":\"Fotos, Fotos, Fotos\",\"potentialAction\":[{\"@type\":\"SearchAction\",\"target\":{\"@type\":\"EntryPoint\",\"urlTemplate\":\"https:\/\/fotofreunde-schwarzenbek.de\/?s={search_term_string}\"},\"query-input\":{\"@type\":\"PropertyValueSpecification\",\"valueRequired\":true,\"valueName\":\"search_term_string\"}}],\"inLanguage\":\"de\"}]}<\/script>\n<!-- \/ Yoast SEO plugin. -->","yoast_head_json":{"title":"Vita Ronald - Homepage der Fotofreunde Schwarzenbek","robots":{"index":"index","follow":"follow","max-snippet":"max-snippet:-1","max-image-preview":"max-image-preview:large","max-video-preview":"max-video-preview:-1"},"canonical":"https:\/\/fotofreunde-schwarzenbek.de\/?page_id=9108","og_locale":"de_DE","og_type":"article","og_title":"Vita Ronald - Homepage der Fotofreunde Schwarzenbek","og_description":"Ronald Mayer (Spiegelreflex-) Fotografie betreibe ich seit meinem 16. Lebensjahr. Angefangen mit einer Miranda, \u00fcbergegangen zu einer Konica und gelandet bei der ersten Spiegelreflexkamera der Welt, die sowohl Zeitautomatik als auch Blendenautomatik beherrschte, der Canon A1. Der Marke bin ich dann auch, trotz \u201eUnkenrufen\u201c einiger Kollegen, treu geblieben. Seit ich mit 20 Jahren staunend vor [&hellip;]","og_url":"https:\/\/fotofreunde-schwarzenbek.de\/?page_id=9108","og_site_name":"Homepage der Fotofreunde Schwarzenbek","article_modified_time":"2025-02-26T19:05:09+00:00","twitter_card":"summary_large_image","schema":{"@context":"https:\/\/schema.org","@graph":[{"@type":"WebPage","@id":"https:\/\/fotofreunde-schwarzenbek.de\/?page_id=9108","url":"https:\/\/fotofreunde-schwarzenbek.de\/?page_id=9108","name":"Vita Ronald - Homepage der Fotofreunde Schwarzenbek","isPartOf":{"@id":"https:\/\/fotofreunde-schwarzenbek.de\/#website"},"datePublished":"2023-07-03T17:15:04+00:00","dateModified":"2025-02-26T19:05:09+00:00","breadcrumb":{"@id":"https:\/\/fotofreunde-schwarzenbek.de\/?page_id=9108#breadcrumb"},"inLanguage":"de","potentialAction":[{"@type":"ReadAction","target":["https:\/\/fotofreunde-schwarzenbek.de\/?page_id=9108"]}]},{"@type":"BreadcrumbList","@id":"https:\/\/fotofreunde-schwarzenbek.de\/?page_id=9108#breadcrumb","itemListElement":[{"@type":"ListItem","position":1,"name":"Startseite","item":"https:\/\/fotofreunde-schwarzenbek.de\/"},{"@type":"ListItem","position":2,"name":"Vita Ronald"}]},{"@type":"WebSite","@id":"https:\/\/fotofreunde-schwarzenbek.de\/#website","url":"https:\/\/fotofreunde-schwarzenbek.de\/","name":"Homepage der Fotofreunde Schwarzenbek","description":"Fotos, Fotos, Fotos","potentialAction":[{"@type":"SearchAction","target":{"@type":"EntryPoint","urlTemplate":"https:\/\/fotofreunde-schwarzenbek.de\/?s={search_term_string}"},"query-input":{"@type":"PropertyValueSpecification","valueRequired":true,"valueName":"search_term_string"}}],"inLanguage":"de"}]}},"_links":{"self":[{"href":"https:\/\/fotofreunde-schwarzenbek.de\/index.php?rest_route=\/wp\/v2\/pages\/9108","targetHints":{"allow":["GET"]}}],"collection":[{"href":"https:\/\/fotofreunde-schwarzenbek.de\/index.php?rest_route=\/wp\/v2\/pages"}],"about":[{"href":"https:\/\/fotofreunde-schwarzenbek.de\/index.php?rest_route=\/wp\/v2\/types\/page"}],"author":[{"embeddable":true,"href":"https:\/\/fotofreunde-schwarzenbek.de\/index.php?rest_route=\/wp\/v2\/users\/16"}],"replies":[{"embeddable":true,"href":"https:\/\/fotofreunde-schwarzenbek.de\/index.php?rest_route=%2Fwp%2Fv2%2Fcomments&post=9108"}],"version-history":[{"count":13,"href":"https:\/\/fotofreunde-schwarzenbek.de\/index.php?rest_route=\/wp\/v2\/pages\/9108\/revisions"}],"predecessor-version":[{"id":11505,"href":"https:\/\/fotofreunde-schwarzenbek.de\/index.php?rest_route=\/wp\/v2\/pages\/9108\/revisions\/11505"}],"wp:attachment":[{"href":"https:\/\/fotofreunde-schwarzenbek.de\/index.php?rest_route=%2Fwp%2Fv2%2Fmedia&parent=9108"}],"curies":[{"name":"wp","href":"https:\/\/api.w.org\/{rel}","templated":true}]}}