{"id":8610,"date":"2022-11-24T14:29:38","date_gmt":"2022-11-24T13:29:38","guid":{"rendered":"https:\/\/fotofreunde-schwarzenbek.de\/?page_id=8610"},"modified":"2023-11-16T13:21:36","modified_gmt":"2023-11-16T12:21:36","slug":"nordring-2022-20","status":"publish","type":"page","link":"https:\/\/fotofreunde-schwarzenbek.de\/?page_id=8610","title":{"rendered":"Nordring 2022 &#8222;20+&#8220;"},"content":{"rendered":"<p>[et_pb_section fb_built=&#8220;1&#8243; _builder_version=&#8220;4.19.0&#8243; global_colors_info=&#8220;{}&#8220;][et_pb_row admin_label=&#8220;Zeile Galerietitel&#8220; module_class=&#8220; et_pb_row_fullwidth&#8220; _builder_version=&#8220;4.16&#8243; width=&#8220;71%&#8220; width_tablet=&#8220;80%&#8220; width_phone=&#8220;92%&#8220; width_last_edited=&#8220;on|phone&#8220; max_width=&#8220;89%&#8220; max_width_tablet=&#8220;80%&#8220; max_width_phone=&#8220;340%&#8220; max_width_last_edited=&#8220;on|desktop&#8220; custom_margin=&#8220;-35px||&#8220; custom_margin_tablet=&#8220;0px||||false|false&#8220; custom_margin_phone=&#8220;&#8220; custom_margin_last_edited=&#8220;on|phone&#8220; custom_padding=&#8220;8px|0px|9px|0px&#8220; make_fullwidth=&#8220;on&#8220; global_colors_info=&#8220;{}&#8220;][et_pb_column type=&#8220;4_4&#8243; _builder_version=&#8220;4.16&#8243; custom_padding=&#8220;|||&#8220; global_colors_info=&#8220;{}&#8220; custom_padding__hover=&#8220;|||&#8220;][et_pb_text _builder_version=&#8220;4.19.0&#8243; custom_padding=&#8220;0px|||||&#8220; global_colors_info=&#8220;{}&#8220;]<\/p>\n<p><span style=\"font-size: x-large;\"><strong>Nordring 2022 &#8222;20+&#8220;<br \/><\/strong><\/span><\/p>\n<p><span style=\"font-size: medium;\"><strong>Die Vernissage zum Nordring Fotowettbewerb im November 2022 fand in der Z\u00fcndholzfabrik in Lauenburg statt. Wir haben unter den 5 teilnehmenden Fotoclubs den 2. Platz belegt. Hier unsere 15 Bilder.<\/strong><\/span><span style=\"font-size: medium;\"><strong><br \/><\/strong><\/span><\/p>\n<p>[\/et_pb_text][\/et_pb_column][\/et_pb_row][et_pb_row use_custom_gutter=&#8220;on&#8220; gutter_width=&#8220;1&#8243; module_class=&#8220; et_pb_row_fullwidth&#8220; _builder_version=&#8220;4.16&#8243; background_size=&#8220;initial&#8220; background_position=&#8220;top_left&#8220; background_repeat=&#8220;repeat&#8220; width=&#8220;71%&#8220; width_tablet=&#8220;100%&#8220; width_phone=&#8220;&#8220; width_last_edited=&#8220;on|desktop&#8220; max_width=&#8220;100%&#8220; max_width_tablet=&#8220;100%&#8220; max_width_phone=&#8220;&#8220; max_width_last_edited=&#8220;on|desktop&#8220; custom_margin=&#8220;-20px||&#8220; custom_margin_tablet=&#8220;&#8220; custom_margin_phone=&#8220;-45px||&#8220; custom_margin_last_edited=&#8220;on|phone&#8220; custom_padding=&#8220;0px|0px|27px|0px&#8220; make_fullwidth=&#8220;on&#8220; global_colors_info=&#8220;{}&#8220;][et_pb_column type=&#8220;4_4&#8243; _builder_version=&#8220;4.16&#8243; custom_padding=&#8220;|||&#8220; global_colors_info=&#8220;{}&#8220; custom_padding__hover=&#8220;|||&#8220;][et_pb_gallery gallery_ids=&#8220;8668,8680,8669,8686,8672,8670,8671,8682,8688,8667,8690,8684,8675,8677,8691&#8243; gallery_captions=&#8220;OLYMPUS DIGITAL CAMERA,,,,OLYMPUS DIGITAL CAMERA,,,,,,,,OLYMPUS DIGITAL CAMERA,,,,,,,,OLYMPUS DIGITAL CAMERA,,,,OLYMPUS DIGITAL CAMERA,,,,,,,,Von Unten &#8211; Uwe Schulz,OLYMPUS DIGITAL CAMERA&#8220; posts_number=&#8220;16&#8243; show_title_and_caption=&#8220;off&#8220; show_pagination=&#8220;off&#8220; zoom_icon_color=&#8220;#606060&#8243; hover_overlay_color=&#8220;rgba(255,255,255,0.62)&#8220; hover_icon=&#8220;&#x54;||divi||400&#8243; _builder_version=&#8220;4.19.0&#8243; custom_padding=&#8220;45px|||||&#8220; pagination_font_size_tablet=&#8220;51&#8243; pagination_line_height_tablet=&#8220;2&#8243; z_index_tablet=&#8220;500&#8243; custom_css_gallery_item=&#8220;padding: 5px;||&#8220; title_text_shadow_horizontal_length_tablet=&#8220;0px&#8220; title_text_shadow_vertical_length_tablet=&#8220;0px&#8220; title_text_shadow_blur_strength_tablet=&#8220;1px&#8220; caption_text_shadow_horizontal_length_tablet=&#8220;0px&#8220; caption_text_shadow_vertical_length_tablet=&#8220;0px&#8220; caption_text_shadow_blur_strength_tablet=&#8220;1px&#8220; pagination_text_shadow_horizontal_length_tablet=&#8220;0px&#8220; pagination_text_shadow_vertical_length_tablet=&#8220;0px&#8220; pagination_text_shadow_blur_strength_tablet=&#8220;1px&#8220; box_shadow_horizontal_tablet=&#8220;0px&#8220; box_shadow_vertical_tablet=&#8220;0px&#8220; box_shadow_blur_tablet=&#8220;40px&#8220; box_shadow_spread_tablet=&#8220;0px&#8220; box_shadow_style_image=&#8220;preset6&#8243; text_shadow_horizontal_length_tablet=&#8220;0px&#8220; text_shadow_vertical_length_tablet=&#8220;0px&#8220; text_shadow_blur_strength_tablet=&#8220;1px&#8220; global_colors_info=&#8220;{}&#8220;][\/et_pb_gallery][\/et_pb_column][\/et_pb_row][et_pb_row _builder_version=&#8220;4.23&#8243; _module_preset=&#8220;default&#8220; global_colors_info=&#8220;{}&#8220;][et_pb_column type=&#8220;4_4&#8243; _builder_version=&#8220;4.23&#8243; _module_preset=&#8220;default&#8220; global_colors_info=&#8220;{}&#8220;][et_pb_text _builder_version=&#8220;4.23&#8243; _module_preset=&#8220;default&#8220; global_colors_info=&#8220;{}&#8220;]<\/p>\n<div class=\"article__header\">\n<div class=\"article__header__intro \">\n<p class=\"article__header__intro__text\">Auszug aus der Bergedorfer Zeitung vom 21.11.2022, Text und Fotos von Gabriele Kasdorff, Foto-Klub Lauenburg<span><\/span><\/p>\n<p class=\"article__header__intro__text\">\n<p><span style=\"font-size: x-large;\">Schwarzenbekerin gewinnt Nordring Fotowettbewerb<\/span><\/p>\n<p class=\"article__header__intro__text\"><span><\/span><\/p>\n<p class=\"article__header__intro__text\"><span>Fotografen aus f\u00fcnf St\u00e4dten wetteiferten um den Titel. Das beste Bild machte Birgit von den Fotofreunden Schwarzenbek.<\/span><\/p>\n<\/div>\n<\/div>\n<div class=\"article__body\">\n<p class=\"\"><span class=\"article__location\">Schwarzenbek\/Lauenburg.\u00a0<\/span> Sieger beim diesj\u00e4hrigen <strong>Nordring-Fotowettbewerb<\/strong> ist der Fotoclub Wilster aus dem Kreis Steinburg. Auf dem zweiten Platz landeten die <strong>F<\/strong><strong>otofreunde Schwarzenbek<\/strong>, die zudem das beste Einzelfoto stellten.<\/p>\n<p class=\"\">Nordring ist ein Zusammenschluss f\u00fcnf norddeutscher Fotovereine: 1972 gegr\u00fcndet, diente er urspr\u00fcnglich der F\u00f6rderung der Schwarz-Wei\u00df-Fotografie. Seit Jahrzehnten gibt es den j\u00e4hrlich stattfindenden Wettbewerb mit rotierenden Ausrichtern. Neben dem Fotoclub Wilster und den <span style=\"color: #000000;\"><a href=\"https:\/\/www.abendblatt.de\/region\/kreis-lauenburg\/schwarzenbek\/article234335193\/Virtuelle-Vernissage-zum-20-jaehrigen-Bestehen.html\" title=\"\" style=\"color: #000000;\">Fotofreunden Schwarzenbek<\/a> <\/span>geh\u00f6ren der Fotokreis Pinneberg (3. Platz), der Foto-Klub Lauenburg\/Elbe (4. Platz) als diesj\u00e4hriger Ausrichter und die diesmal Letztplatzierten, die Lichtbildfreunde Itzehoe, dazu.<\/p>\n<h3>Nordring-Fotowettbewerb mit dem Thema \u201e20+\u201c<\/h3>\n<p class=\"\">\u201eDas Thema ,20+\u2019 hatten wir urspr\u00fcnglich f\u00fcr das Jahr 2020 ausgew\u00e4hlt, durch Corona findet die Veranstaltung leider erst jetzt statt. <span style=\"color: #000000;\"><a href=\"https:\/\/www.abendblatt.de\/region\/kreis-lauenburg\/lauenburg\/article236908775\/Hobbyfotografen-aus-fuenf-Vereinen-stellen-sich-Wettbewerb.html\" target=\"_blank\" rel=\"noopener\" title=\"www.abendblatt.de\" style=\"color: #000000;\">,20+\u2019 hat noch eine weitere Bedeutung<\/a>,<\/span> denn die Bilder mussten alle mindestens 20 Sekunden belichtet sein\u201c, erl\u00e4uterte Matthias Ehlers, Vorsitzender des Lauenburger Foto-Klubs, in der Jugendherberge Z\u00fcndholzfabrik das Motto. \u201eInsgesamt h\u00e4ngen hier 75 Aufnahmen mit etwa zusammen 53 Minuten Belichtungszeit.\u201c<\/p>\n<p class=\"\">Kreativ umgesetzt wurden von den Fotografen Naturaufnahmen mit weich gezeichnetem Wasser, viele Hamburger Stadtansichten mit Dockland oder dem Hafen, aber auch Astrofotografie.<\/p>\n<p class=\"\">Siegerin in der Einzelwertung wurde Birgit Ohm von den Fotofreunden Schwarzenbek mit einer herausragenden Aufnahme der alten Hamburger Elbbr\u00fccken mit Laternen, deren Strahlenkr\u00e4nze bestechend sch\u00f6n sind. Zwei weitere wunderbare Aufnahmen von ihr, unter anderem das mit f\u00fcnf Minuten am l\u00e4ngsten belichtete Foto eines Schiffswracks vor Blankenese, zog die Blicke der zahlreichen Besucher auf sich.<\/p>\n<h3>Fotografien sind in der Z\u00fcndholzfabrik ausgestellt<\/h3>\n<p class=\"\">Den zweiten Platz teilten sich die Fotografinnen Marietta Hagedorn (<a href=\"https:\/\/www.abendblatt.de\/region\/pinneberg\/article212590993\/Fotoausstellung-Kunst-im-Krankenhaus.html\" title=\"\"><span style=\"color: #000000;\">Fotokreis Pinneberg<\/span><\/a>) und Kathrin Rickmers (Fotofreunde Schwarzenbek). W\u00e4hrend Hagedorn kreativ das Thema mit dem Umbl\u00e4ttern eines Buches umgesetzt hat, zeigte Rickmers eine schmale, endlos scheinende Br\u00fccke mit Silhouetten von stehenden und sitzenden Menschen, die eine besondere Faszination ausstrahlt und das Einfrieren der Zeit besonders deutlich macht.<\/p>\n<\/div>\n<p>[\/et_pb_text][\/et_pb_column][\/et_pb_row][et_pb_row column_structure=&#8220;1_2,1_2&#8243; _builder_version=&#8220;4.23&#8243; _module_preset=&#8220;default&#8220; global_colors_info=&#8220;{}&#8220;][et_pb_column type=&#8220;1_2&#8243; _builder_version=&#8220;4.23&#8243; _module_preset=&#8220;default&#8220; global_colors_info=&#8220;{}&#8220;][et_pb_image src=&#8220;https:\/\/fotofreunde-schwarzenbek.de\/wp-content\/uploads\/2022\/11\/14-Schwarzenbeker-TopfotografinnenOhm-Rickmers-scaled.jpg&#8220; title_text=&#8220;Schwarzenbeker Topfotografinnen Ohm Rickmers&#8220; _builder_version=&#8220;4.23&#8243; _module_preset=&#8220;default&#8220; hover_enabled=&#8220;0&#8243; global_colors_info=&#8220;{}&#8220; sticky_enabled=&#8220;0&#8243;][\/et_pb_image][\/et_pb_column][et_pb_column type=&#8220;1_2&#8243; _builder_version=&#8220;4.23&#8243; _module_preset=&#8220;default&#8220; global_colors_info=&#8220;{}&#8220;][et_pb_image src=&#8220;https:\/\/fotofreunde-schwarzenbek.de\/wp-content\/uploads\/2022\/11\/06-Zweiter-Fotofreunde-Schwarzenbek-scaled.jpg&#8220; title_text=&#8220;Zweiter Fotofreunde Schwarzenbek&#8220; _builder_version=&#8220;4.23&#8243; _module_preset=&#8220;default&#8220; global_colors_info=&#8220;{}&#8220;][\/et_pb_image][\/et_pb_column][\/et_pb_row][et_pb_row _builder_version=&#8220;4.16&#8243; _module_preset=&#8220;default&#8220; global_colors_info=&#8220;{}&#8220;][et_pb_column type=&#8220;4_4&#8243; _builder_version=&#8220;4.16&#8243; _module_preset=&#8220;default&#8220; global_colors_info=&#8220;{}&#8220;][et_pb_button button_url=&#8220;https:\/\/fotofreunde-schwarzenbek.de\/?page_id=3217&#8243; button_text=&#8220;weiter zum %22Nordringwettbewerb%22 2019&#8243; button_alignment=&#8220;right&#8220; _builder_version=&#8220;4.19.0&#8243; _module_preset=&#8220;default&#8220; custom_button=&#8220;on&#8220; button_text_color=&#8220;#000000&#8243; custom_padding=&#8220;0px||0px|||&#8220; global_colors_info=&#8220;{}&#8220;][\/et_pb_button][\/et_pb_column][\/et_pb_row][\/et_pb_section]<\/p>\n","protected":false},"excerpt":{"rendered":"<p>Nordring 2022 &#8222;20+&#8220; Die Vernissage zum Nordring Fotowettbewerb im November 2022 fand in der Z\u00fcndholzfabrik in Lauenburg statt. Wir haben unter den 5 teilnehmenden Fotoclubs den 2. Platz belegt. Hier unsere 15 Bilder. Auszug aus der Bergedorfer Zeitung vom 21.11.2022, Text und Fotos von Gabriele Kasdorff, Foto-Klub Lauenburg Schwarzenbekerin gewinnt Nordring Fotowettbewerb Fotografen aus f\u00fcnf [&hellip;]<\/p>\n","protected":false},"author":16,"featured_media":0,"parent":0,"menu_order":0,"comment_status":"closed","ping_status":"closed","template":"","meta":{"_et_pb_use_builder":"on","_et_pb_old_content":"","_et_gb_content_width":"","footnotes":""},"class_list":["post-8610","page","type-page","status-publish","hentry"],"yoast_head":"<!-- This site is optimized with the Yoast SEO plugin v27.2 - https:\/\/yoast.com\/product\/yoast-seo-wordpress\/ -->\n<title>Nordring 2022 &quot;20+&quot; - Homepage der Fotofreunde Schwarzenbek<\/title>\n<meta name=\"robots\" content=\"index, follow, max-snippet:-1, max-image-preview:large, max-video-preview:-1\" \/>\n<link rel=\"canonical\" href=\"https:\/\/fotofreunde-schwarzenbek.de\/?page_id=8610\" \/>\n<meta property=\"og:locale\" content=\"de_DE\" \/>\n<meta property=\"og:type\" content=\"article\" \/>\n<meta property=\"og:title\" content=\"Nordring 2022 &quot;20+&quot; - Homepage der Fotofreunde Schwarzenbek\" \/>\n<meta property=\"og:description\" content=\"Nordring 2022 &quot;20+&quot; Die Vernissage zum Nordring Fotowettbewerb im November 2022 fand in der Z\u00fcndholzfabrik in Lauenburg statt. Wir haben unter den 5 teilnehmenden Fotoclubs den 2. Platz belegt. Hier unsere 15 Bilder. Auszug aus der Bergedorfer Zeitung vom 21.11.2022, Text und Fotos von Gabriele Kasdorff, Foto-Klub Lauenburg Schwarzenbekerin gewinnt Nordring Fotowettbewerb Fotografen aus f\u00fcnf [&hellip;]\" \/>\n<meta property=\"og:url\" content=\"https:\/\/fotofreunde-schwarzenbek.de\/?page_id=8610\" \/>\n<meta property=\"og:site_name\" content=\"Homepage der Fotofreunde Schwarzenbek\" \/>\n<meta property=\"article:modified_time\" content=\"2023-11-16T12:21:36+00:00\" \/>\n<meta name=\"twitter:card\" content=\"summary_large_image\" \/>\n<meta name=\"twitter:label1\" content=\"Gesch\u00e4tzte Lesezeit\" \/>\n\t<meta name=\"twitter:data1\" content=\"1\u00a0Minute\" \/>\n<script type=\"application\/ld+json\" class=\"yoast-schema-graph\">{\"@context\":\"https:\/\/schema.org\",\"@graph\":[{\"@type\":\"WebPage\",\"@id\":\"https:\/\/fotofreunde-schwarzenbek.de\/?page_id=8610\",\"url\":\"https:\/\/fotofreunde-schwarzenbek.de\/?page_id=8610\",\"name\":\"Nordring 2022 \\\"20+\\\" - Homepage der Fotofreunde Schwarzenbek\",\"isPartOf\":{\"@id\":\"https:\/\/fotofreunde-schwarzenbek.de\/#website\"},\"datePublished\":\"2022-11-24T13:29:38+00:00\",\"dateModified\":\"2023-11-16T12:21:36+00:00\",\"breadcrumb\":{\"@id\":\"https:\/\/fotofreunde-schwarzenbek.de\/?page_id=8610#breadcrumb\"},\"inLanguage\":\"de\",\"potentialAction\":[{\"@type\":\"ReadAction\",\"target\":[\"https:\/\/fotofreunde-schwarzenbek.de\/?page_id=8610\"]}]},{\"@type\":\"BreadcrumbList\",\"@id\":\"https:\/\/fotofreunde-schwarzenbek.de\/?page_id=8610#breadcrumb\",\"itemListElement\":[{\"@type\":\"ListItem\",\"position\":1,\"name\":\"Startseite\",\"item\":\"https:\/\/fotofreunde-schwarzenbek.de\/\"},{\"@type\":\"ListItem\",\"position\":2,\"name\":\"Nordring 2022 &#8222;20+&#8220;\"}]},{\"@type\":\"WebSite\",\"@id\":\"https:\/\/fotofreunde-schwarzenbek.de\/#website\",\"url\":\"https:\/\/fotofreunde-schwarzenbek.de\/\",\"name\":\"Homepage der Fotofreunde Schwarzenbek\",\"description\":\"Fotos, Fotos, Fotos\",\"potentialAction\":[{\"@type\":\"SearchAction\",\"target\":{\"@type\":\"EntryPoint\",\"urlTemplate\":\"https:\/\/fotofreunde-schwarzenbek.de\/?s={search_term_string}\"},\"query-input\":{\"@type\":\"PropertyValueSpecification\",\"valueRequired\":true,\"valueName\":\"search_term_string\"}}],\"inLanguage\":\"de\"}]}<\/script>\n<!-- \/ Yoast SEO plugin. -->","yoast_head_json":{"title":"Nordring 2022 \"20+\" - Homepage der Fotofreunde Schwarzenbek","robots":{"index":"index","follow":"follow","max-snippet":"max-snippet:-1","max-image-preview":"max-image-preview:large","max-video-preview":"max-video-preview:-1"},"canonical":"https:\/\/fotofreunde-schwarzenbek.de\/?page_id=8610","og_locale":"de_DE","og_type":"article","og_title":"Nordring 2022 \"20+\" - Homepage der Fotofreunde Schwarzenbek","og_description":"Nordring 2022 \"20+\" Die Vernissage zum Nordring Fotowettbewerb im November 2022 fand in der Z\u00fcndholzfabrik in Lauenburg statt. Wir haben unter den 5 teilnehmenden Fotoclubs den 2. Platz belegt. Hier unsere 15 Bilder. Auszug aus der Bergedorfer Zeitung vom 21.11.2022, Text und Fotos von Gabriele Kasdorff, Foto-Klub Lauenburg Schwarzenbekerin gewinnt Nordring Fotowettbewerb Fotografen aus f\u00fcnf [&hellip;]","og_url":"https:\/\/fotofreunde-schwarzenbek.de\/?page_id=8610","og_site_name":"Homepage der Fotofreunde Schwarzenbek","article_modified_time":"2023-11-16T12:21:36+00:00","twitter_card":"summary_large_image","twitter_misc":{"Gesch\u00e4tzte Lesezeit":"1\u00a0Minute"},"schema":{"@context":"https:\/\/schema.org","@graph":[{"@type":"WebPage","@id":"https:\/\/fotofreunde-schwarzenbek.de\/?page_id=8610","url":"https:\/\/fotofreunde-schwarzenbek.de\/?page_id=8610","name":"Nordring 2022 \"20+\" - Homepage der Fotofreunde Schwarzenbek","isPartOf":{"@id":"https:\/\/fotofreunde-schwarzenbek.de\/#website"},"datePublished":"2022-11-24T13:29:38+00:00","dateModified":"2023-11-16T12:21:36+00:00","breadcrumb":{"@id":"https:\/\/fotofreunde-schwarzenbek.de\/?page_id=8610#breadcrumb"},"inLanguage":"de","potentialAction":[{"@type":"ReadAction","target":["https:\/\/fotofreunde-schwarzenbek.de\/?page_id=8610"]}]},{"@type":"BreadcrumbList","@id":"https:\/\/fotofreunde-schwarzenbek.de\/?page_id=8610#breadcrumb","itemListElement":[{"@type":"ListItem","position":1,"name":"Startseite","item":"https:\/\/fotofreunde-schwarzenbek.de\/"},{"@type":"ListItem","position":2,"name":"Nordring 2022 &#8222;20+&#8220;"}]},{"@type":"WebSite","@id":"https:\/\/fotofreunde-schwarzenbek.de\/#website","url":"https:\/\/fotofreunde-schwarzenbek.de\/","name":"Homepage der Fotofreunde Schwarzenbek","description":"Fotos, Fotos, Fotos","potentialAction":[{"@type":"SearchAction","target":{"@type":"EntryPoint","urlTemplate":"https:\/\/fotofreunde-schwarzenbek.de\/?s={search_term_string}"},"query-input":{"@type":"PropertyValueSpecification","valueRequired":true,"valueName":"search_term_string"}}],"inLanguage":"de"}]}},"_links":{"self":[{"href":"https:\/\/fotofreunde-schwarzenbek.de\/index.php?rest_route=\/wp\/v2\/pages\/8610","targetHints":{"allow":["GET"]}}],"collection":[{"href":"https:\/\/fotofreunde-schwarzenbek.de\/index.php?rest_route=\/wp\/v2\/pages"}],"about":[{"href":"https:\/\/fotofreunde-schwarzenbek.de\/index.php?rest_route=\/wp\/v2\/types\/page"}],"author":[{"embeddable":true,"href":"https:\/\/fotofreunde-schwarzenbek.de\/index.php?rest_route=\/wp\/v2\/users\/16"}],"replies":[{"embeddable":true,"href":"https:\/\/fotofreunde-schwarzenbek.de\/index.php?rest_route=%2Fwp%2Fv2%2Fcomments&post=8610"}],"version-history":[{"count":15,"href":"https:\/\/fotofreunde-schwarzenbek.de\/index.php?rest_route=\/wp\/v2\/pages\/8610\/revisions"}],"predecessor-version":[{"id":9796,"href":"https:\/\/fotofreunde-schwarzenbek.de\/index.php?rest_route=\/wp\/v2\/pages\/8610\/revisions\/9796"}],"wp:attachment":[{"href":"https:\/\/fotofreunde-schwarzenbek.de\/index.php?rest_route=%2Fwp%2Fv2%2Fmedia&parent=8610"}],"curies":[{"name":"wp","href":"https:\/\/api.w.org\/{rel}","templated":true}]}}