{"id":637,"date":"2018-02-10T13:31:36","date_gmt":"2018-02-10T12:31:36","guid":{"rendered":"http:\/\/test.info-fotofreunde.de\/?page_id=637"},"modified":"2020-11-24T11:13:57","modified_gmt":"2020-11-24T10:13:57","slug":"gruppenwettbewerb","status":"publish","type":"page","link":"https:\/\/fotofreunde-schwarzenbek.de\/?page_id=637","title":{"rendered":"Gruppenwettbewerb"},"content":{"rendered":"<p>[et_pb_section fb_built=&#8220;1&#8243; _builder_version=&#8220;4.7.3&#8243; _module_preset=&#8220;default&#8220;][et_pb_row _builder_version=&#8220;4.7.3&#8243; _module_preset=&#8220;default&#8220;][et_pb_column type=&#8220;4_4&#8243; _builder_version=&#8220;4.7.3&#8243; _module_preset=&#8220;default&#8220;][et_pb_text _builder_version=&#8220;4.7.3&#8243; _module_preset=&#8220;default&#8220; text_font=&#8220;||||||||&#8220; text_font_size=&#8220;30px&#8220; custom_padding=&#8220;||2px|||&#8220; hover_enabled=&#8220;0&#8243; text_text_color_last_edited=&#8220;on|phone&#8220; sticky_enabled=&#8220;0&#8243;]<\/p>\n<p>Teamwettbewerb<\/p>\n<p>[\/et_pb_text][et_pb_text _builder_version=&#8220;4.7.3&#8243; _module_preset=&#8220;default&#8220;]<\/p>\n<p>Einmal pro Jahr findet der Teamwettbewerb statt. Das Thema wird jeweils am Anfang des Jahres\u00a0 festgelegt. Im Laufe des Jahres werden Teams von 3 bis 4 Mitgliedern gebildet, die gemeinsam das Thema bearbeiten und ihre Fotos vorlegen. Mal wird der Wettbewerb als Wettbewerb und mal als Reportage durchgef\u00fchrt. Im Falle eines Wettbewerbs legt jedes Team 10 Fotos vor, die von einer externen Jury einzeln bewertet werden. Das Team mit <strong>der h\u00f6chsten Punktzahl \u00fcber alle 10 Fotos ist Gewinner<\/strong> des Wettbewerbs. Im Falle einer Reportage gibt es keine Begrenzung f\u00fcr die Anzahl der Fotos und auch keine Bewertung. Jedes Team pr\u00e4sentiert an einem Clubabend seine Reportage. Alle teilnehmenden Fotos werden auf der Homepage ver\u00f6ffentlicht.<\/p>\n<p>[\/et_pb_text][\/et_pb_column][\/et_pb_row][et_pb_row _builder_version=&#8220;4.7.3&#8243; _module_preset=&#8220;default&#8220;][et_pb_column type=&#8220;4_4&#8243; _builder_version=&#8220;4.7.3&#8243; _module_preset=&#8220;default&#8220;][et_pb_button button_url=&#8220;https:\/\/fotofreunde-schwarzenbek.de\/?page_id=3305&#8243; button_text=&#8220;Gruppenwettbewerb  2019 Reportage mit freiem Thema&#8220; button_alignment=&#8220;left&#8220; _builder_version=&#8220;4.7.3&#8243; _module_preset=&#8220;default&#8220; custom_button=&#8220;on&#8220; button_text_color=&#8220;#000000&#8243; custom_padding=&#8220;0px|||||&#8220;][\/et_pb_button][et_pb_button button_url=&#8220;https:\/\/fotofreunde-schwarzenbek.de\/?page_id=432&#8243; button_text=&#8220;Gruppenwettbewerb  2017 %22Sport%22&#8243; button_alignment=&#8220;left&#8220; _builder_version=&#8220;4.7.3&#8243; _module_preset=&#8220;default&#8220; custom_button=&#8220;on&#8220; button_text_color=&#8220;#000000&#8243; custom_padding=&#8220;0px|||||&#8220;][\/et_pb_button][\/et_pb_column][\/et_pb_row][\/et_pb_section]<\/p>\n","protected":false},"excerpt":{"rendered":"<p>TeamwettbewerbEinmal pro Jahr findet der Teamwettbewerb statt. Das Thema wird jeweils am Anfang des Jahres\u00a0 festgelegt. Im Laufe des Jahres werden Teams von 3 bis 4 Mitgliedern gebildet, die gemeinsam das Thema bearbeiten und ihre Fotos vorlegen. Mal wird der Wettbewerb als Wettbewerb und mal als Reportage durchgef\u00fchrt. Im Falle eines Wettbewerbs legt jedes Team [&hellip;]<\/p>\n","protected":false},"author":3,"featured_media":0,"parent":0,"menu_order":0,"comment_status":"closed","ping_status":"closed","template":"","meta":{"_et_pb_use_builder":"on","_et_pb_old_content":"","_et_gb_content_width":"","footnotes":""},"class_list":["post-637","page","type-page","status-publish","hentry"],"yoast_head":"<!-- This site is optimized with the Yoast SEO plugin v27.2 - https:\/\/yoast.com\/product\/yoast-seo-wordpress\/ -->\n<title>Gruppenwettbewerb - Homepage der Fotofreunde Schwarzenbek<\/title>\n<meta name=\"robots\" content=\"index, follow, max-snippet:-1, max-image-preview:large, max-video-preview:-1\" \/>\n<link rel=\"canonical\" href=\"https:\/\/fotofreunde-schwarzenbek.de\/?page_id=637\" \/>\n<meta property=\"og:locale\" content=\"de_DE\" \/>\n<meta property=\"og:type\" content=\"article\" \/>\n<meta property=\"og:title\" content=\"Gruppenwettbewerb - Homepage der Fotofreunde Schwarzenbek\" \/>\n<meta property=\"og:description\" content=\"TeamwettbewerbEinmal pro Jahr findet der Teamwettbewerb statt. Das Thema wird jeweils am Anfang des Jahres\u00a0 festgelegt. Im Laufe des Jahres werden Teams von 3 bis 4 Mitgliedern gebildet, die gemeinsam das Thema bearbeiten und ihre Fotos vorlegen. Mal wird der Wettbewerb als Wettbewerb und mal als Reportage durchgef\u00fchrt. Im Falle eines Wettbewerbs legt jedes Team [&hellip;]\" \/>\n<meta property=\"og:url\" content=\"https:\/\/fotofreunde-schwarzenbek.de\/?page_id=637\" \/>\n<meta property=\"og:site_name\" content=\"Homepage der Fotofreunde Schwarzenbek\" \/>\n<meta property=\"article:modified_time\" content=\"2020-11-24T10:13:57+00:00\" \/>\n<meta name=\"twitter:card\" content=\"summary_large_image\" \/>\n<meta name=\"twitter:label1\" content=\"Gesch\u00e4tzte Lesezeit\" \/>\n\t<meta name=\"twitter:data1\" content=\"1\u00a0Minute\" \/>\n<script type=\"application\/ld+json\" class=\"yoast-schema-graph\">{\"@context\":\"https:\/\/schema.org\",\"@graph\":[{\"@type\":\"WebPage\",\"@id\":\"https:\/\/fotofreunde-schwarzenbek.de\/?page_id=637\",\"url\":\"https:\/\/fotofreunde-schwarzenbek.de\/?page_id=637\",\"name\":\"Gruppenwettbewerb - Homepage der Fotofreunde Schwarzenbek\",\"isPartOf\":{\"@id\":\"https:\/\/fotofreunde-schwarzenbek.de\/#website\"},\"datePublished\":\"2018-02-10T12:31:36+00:00\",\"dateModified\":\"2020-11-24T10:13:57+00:00\",\"breadcrumb\":{\"@id\":\"https:\/\/fotofreunde-schwarzenbek.de\/?page_id=637#breadcrumb\"},\"inLanguage\":\"de\",\"potentialAction\":[{\"@type\":\"ReadAction\",\"target\":[\"https:\/\/fotofreunde-schwarzenbek.de\/?page_id=637\"]}]},{\"@type\":\"BreadcrumbList\",\"@id\":\"https:\/\/fotofreunde-schwarzenbek.de\/?page_id=637#breadcrumb\",\"itemListElement\":[{\"@type\":\"ListItem\",\"position\":1,\"name\":\"Startseite\",\"item\":\"https:\/\/fotofreunde-schwarzenbek.de\/\"},{\"@type\":\"ListItem\",\"position\":2,\"name\":\"Gruppenwettbewerb\"}]},{\"@type\":\"WebSite\",\"@id\":\"https:\/\/fotofreunde-schwarzenbek.de\/#website\",\"url\":\"https:\/\/fotofreunde-schwarzenbek.de\/\",\"name\":\"Homepage der Fotofreunde Schwarzenbek\",\"description\":\"Fotos, Fotos, Fotos\",\"potentialAction\":[{\"@type\":\"SearchAction\",\"target\":{\"@type\":\"EntryPoint\",\"urlTemplate\":\"https:\/\/fotofreunde-schwarzenbek.de\/?s={search_term_string}\"},\"query-input\":{\"@type\":\"PropertyValueSpecification\",\"valueRequired\":true,\"valueName\":\"search_term_string\"}}],\"inLanguage\":\"de\"}]}<\/script>\n<!-- \/ Yoast SEO plugin. -->","yoast_head_json":{"title":"Gruppenwettbewerb - Homepage der Fotofreunde Schwarzenbek","robots":{"index":"index","follow":"follow","max-snippet":"max-snippet:-1","max-image-preview":"max-image-preview:large","max-video-preview":"max-video-preview:-1"},"canonical":"https:\/\/fotofreunde-schwarzenbek.de\/?page_id=637","og_locale":"de_DE","og_type":"article","og_title":"Gruppenwettbewerb - Homepage der Fotofreunde Schwarzenbek","og_description":"TeamwettbewerbEinmal pro Jahr findet der Teamwettbewerb statt. Das Thema wird jeweils am Anfang des Jahres\u00a0 festgelegt. Im Laufe des Jahres werden Teams von 3 bis 4 Mitgliedern gebildet, die gemeinsam das Thema bearbeiten und ihre Fotos vorlegen. Mal wird der Wettbewerb als Wettbewerb und mal als Reportage durchgef\u00fchrt. Im Falle eines Wettbewerbs legt jedes Team [&hellip;]","og_url":"https:\/\/fotofreunde-schwarzenbek.de\/?page_id=637","og_site_name":"Homepage der Fotofreunde Schwarzenbek","article_modified_time":"2020-11-24T10:13:57+00:00","twitter_card":"summary_large_image","twitter_misc":{"Gesch\u00e4tzte Lesezeit":"1\u00a0Minute"},"schema":{"@context":"https:\/\/schema.org","@graph":[{"@type":"WebPage","@id":"https:\/\/fotofreunde-schwarzenbek.de\/?page_id=637","url":"https:\/\/fotofreunde-schwarzenbek.de\/?page_id=637","name":"Gruppenwettbewerb - Homepage der Fotofreunde Schwarzenbek","isPartOf":{"@id":"https:\/\/fotofreunde-schwarzenbek.de\/#website"},"datePublished":"2018-02-10T12:31:36+00:00","dateModified":"2020-11-24T10:13:57+00:00","breadcrumb":{"@id":"https:\/\/fotofreunde-schwarzenbek.de\/?page_id=637#breadcrumb"},"inLanguage":"de","potentialAction":[{"@type":"ReadAction","target":["https:\/\/fotofreunde-schwarzenbek.de\/?page_id=637"]}]},{"@type":"BreadcrumbList","@id":"https:\/\/fotofreunde-schwarzenbek.de\/?page_id=637#breadcrumb","itemListElement":[{"@type":"ListItem","position":1,"name":"Startseite","item":"https:\/\/fotofreunde-schwarzenbek.de\/"},{"@type":"ListItem","position":2,"name":"Gruppenwettbewerb"}]},{"@type":"WebSite","@id":"https:\/\/fotofreunde-schwarzenbek.de\/#website","url":"https:\/\/fotofreunde-schwarzenbek.de\/","name":"Homepage der Fotofreunde Schwarzenbek","description":"Fotos, Fotos, Fotos","potentialAction":[{"@type":"SearchAction","target":{"@type":"EntryPoint","urlTemplate":"https:\/\/fotofreunde-schwarzenbek.de\/?s={search_term_string}"},"query-input":{"@type":"PropertyValueSpecification","valueRequired":true,"valueName":"search_term_string"}}],"inLanguage":"de"}]}},"_links":{"self":[{"href":"https:\/\/fotofreunde-schwarzenbek.de\/index.php?rest_route=\/wp\/v2\/pages\/637","targetHints":{"allow":["GET"]}}],"collection":[{"href":"https:\/\/fotofreunde-schwarzenbek.de\/index.php?rest_route=\/wp\/v2\/pages"}],"about":[{"href":"https:\/\/fotofreunde-schwarzenbek.de\/index.php?rest_route=\/wp\/v2\/types\/page"}],"author":[{"embeddable":true,"href":"https:\/\/fotofreunde-schwarzenbek.de\/index.php?rest_route=\/wp\/v2\/users\/3"}],"replies":[{"embeddable":true,"href":"https:\/\/fotofreunde-schwarzenbek.de\/index.php?rest_route=%2Fwp%2Fv2%2Fcomments&post=637"}],"version-history":[{"count":4,"href":"https:\/\/fotofreunde-schwarzenbek.de\/index.php?rest_route=\/wp\/v2\/pages\/637\/revisions"}],"predecessor-version":[{"id":5325,"href":"https:\/\/fotofreunde-schwarzenbek.de\/index.php?rest_route=\/wp\/v2\/pages\/637\/revisions\/5325"}],"wp:attachment":[{"href":"https:\/\/fotofreunde-schwarzenbek.de\/index.php?rest_route=%2Fwp%2Fv2%2Fmedia&parent=637"}],"curies":[{"name":"wp","href":"https:\/\/api.w.org\/{rel}","templated":true}]}}