{"id":5912,"date":"2021-02-12T18:51:19","date_gmt":"2021-02-12T17:51:19","guid":{"rendered":"https:\/\/fotofreunde-schwarzenbek.de\/?page_id=5912"},"modified":"2021-02-12T18:51:28","modified_gmt":"2021-02-12T17:51:28","slug":"klimawandel-1","status":"publish","type":"page","link":"https:\/\/fotofreunde-schwarzenbek.de\/?page_id=5912","title":{"rendered":"Klimawandel 1"},"content":{"rendered":"<p>[et_pb_section fb_built=&#8220;1&#8243; _builder_version=&#8220;4.8.1&#8243; _module_preset=&#8220;default&#8220;][et_pb_row _builder_version=&#8220;4.8.1&#8243; _module_preset=&#8220;default&#8220;][et_pb_column type=&#8220;4_4&#8243; _builder_version=&#8220;4.8.1&#8243; _module_preset=&#8220;default&#8220;][et_pb_text _builder_version=&#8220;4.8.1&#8243; _module_preset=&#8220;default&#8220; text_orientation=&#8220;center&#8220;]<\/p>\n<h1><strong>Klimawandel, welchen Einfluss hat er auf uns<\/strong><\/h1>\n<h4>Team 1: Birgit Ohm, J\u00f6rg Recoschewitz, Thomas Schneider, Helmut K\u00fchnert, Januar 2021<\/h4>\n<p>[\/et_pb_text][et_pb_text _builder_version=&#8220;4.8.2&#8243; _module_preset=&#8220;default&#8220;]<\/p>\n<p>Klimawandel, St\u00fcrme, Hitze und K\u00e4lte, Trockenheit und Hochwasser gibt es schon immer. Aber die H\u00e4ufigkeit und Intensit\u00e4t der Ph\u00e4nomene, die rasante Erderw\u00e4rmung gehen auf den menschengemachten Raubbau an der Natur zur\u00fcck.<\/p>\n<p>Wir haben uns zun\u00e4chst mit den Folgen des Klimawandels besch\u00e4ftigt: St\u00fcrme, Trockenheit, Waldsterben und Waldbrand sowie Hochwasser, dann mit den Ursachen: Abbau fossiler Energietr\u00e4ger, Energiegewinnung durch Kohlekraftwerke und Stahlproduktion mit Hilfe von Kohleverbrennung und schlie\u00dflich mit alternativer Energiegewinnung durch Windr\u00e4der.<\/p>\n<p>[\/et_pb_text][\/et_pb_column][\/et_pb_row][et_pb_row column_structure=&#8220;1_2,1_2&#8243; use_custom_gutter=&#8220;on&#8220; gutter_width=&#8220;1&#8243; _builder_version=&#8220;4.8.1&#8243; _module_preset=&#8220;default&#8220; custom_margin=&#8220;||-50px||false|false&#8220;][et_pb_column type=&#8220;1_2&#8243; _builder_version=&#8220;4.8.1&#8243; _module_preset=&#8220;default&#8220;][et_pb_text _builder_version=&#8220;4.8.1&#8243; _module_preset=&#8220;default&#8220; custom_margin=&#8220;|12px|||false|false&#8220; custom_padding=&#8220;8px|||||&#8220;]<\/p>\n<h3><strong>St\u00fcrme am Beispiel eines<\/strong> &#8222;<strong>Downbursts&#8220;<\/strong><\/h3>\n<p><span>Am Montag 10.8.2020 um 16:15 verw\u00fcstet ein sog. \u201e<strong>Downburst<\/strong>\u201c ein kleines Waldst\u00fcck bei Bothen im Landkreis Rotenburg W\u00fcmme. Dabei handelt es sich um starke Fallb\u00f6en, die durch starkes Temperaturgef\u00e4lle verursacht werden. <\/span>Starke Regenf\u00e4lle k\u00fchlen die oberen Luftschichten ab. Beim raschen Absinken der k\u00fchlen Luftschichten treffen sie auf warme Luftmassen und verdr\u00e4ngen diese in Bodenn\u00e4he. Der dadurch entstehende starke Abwindstrom kann f\u00fcr enorme Verw\u00fcstungen sorgen. Typisch f\u00fcr einen Downburst ist, dass die B\u00e4ume teilweise entwurzeln und teilweise abknicken.<\/p>\n<p>&nbsp;<\/p>\n<p>[\/et_pb_text][\/et_pb_column][et_pb_column type=&#8220;1_2&#8243; _builder_version=&#8220;4.8.1&#8243; _module_preset=&#8220;default&#8220;][et_pb_gallery gallery_ids=&#8220;5921,5919,5920,5923,5916,5918,5917,5922&#8243; posts_number=&#8220;3&#8243; show_title_and_caption=&#8220;off&#8220; _builder_version=&#8220;4.8.1&#8243; _module_preset=&#8220;default&#8220; custom_margin=&#8220;59px||||false|false&#8220; custom_margin_tablet=&#8220;&#8220; custom_margin_phone=&#8220;0px||||false|false&#8220; custom_margin_last_edited=&#8220;on|phone&#8220; custom_css_gallery_item=&#8220;padding: 3px;||width: 33%!important;||    clear: none!important;&#8220;][\/et_pb_gallery][\/et_pb_column][\/et_pb_row][et_pb_row column_structure=&#8220;3_5,2_5&#8243; use_custom_gutter=&#8220;on&#8220; gutter_width=&#8220;1&#8243; _builder_version=&#8220;4.8.1&#8243; _module_preset=&#8220;default&#8220;][et_pb_column type=&#8220;3_5&#8243; _builder_version=&#8220;4.8.1&#8243; _module_preset=&#8220;default&#8220;][et_pb_text _builder_version=&#8220;4.8.2&#8243; _module_preset=&#8220;default&#8220; custom_margin=&#8220;|12px|||false|false&#8220; custom_padding=&#8220;2px|||||&#8220;]<\/p>\n<h3><strong>Schleichende Katastrophe durch<\/strong> <strong>Bodenerosion<\/strong><\/h3>\n<p>Der Verlust von fruchtbaren B\u00f6den, die Steppenbildung und die Ausdehnung der W\u00fcsten sind weltweit ein gro\u00dfes Problem. Nach Angaben der Deutschen Gesellschaft f\u00fcr internationale Zusammenarbeit (GIZ)\u00a0sind in den vergangenen 25 Jahren etwa 24 Prozent der weltweiten Landoberfl\u00e4che degradiert. Das bedeutet, das Land ver\u00f6det und wird unfruchtbar.<br \/> Dieser Verlust von fruchtbarem Land gef\u00e4hrdet laut GIZ etwa 1,5 Milliarden Menschen unmittelbar, weltweit seien so \u00fcber 110 L\u00e4nder in ihrer wirtschaftlichen und sozialen Entwicklung durch die sogenannte Desertifikation bedroht.<br \/> Wir haben den Trend einer abnehmenden Fruchtbarkeit in den B\u00f6den, in einigen Regionen ein starkes Bev\u00f6lkerungswachstum und in absehbarer Zeit eine Versch\u00e4rfung von klimatischen Wetterextremen mit Starkregen oder D\u00fcrren. Die \u00dcberlagerung dieser verschieden Trends ergibt die explosive Mischung.<\/p>\n<p>[\/et_pb_text][\/et_pb_column][et_pb_column type=&#8220;2_5&#8243; _builder_version=&#8220;4.8.1&#8243; _module_preset=&#8220;default&#8220;][et_pb_gallery gallery_ids=&#8220;5935,5934&#8243; posts_number=&#8220;2&#8243; show_title_and_caption=&#8220;off&#8220; _builder_version=&#8220;4.8.1&#8243; _module_preset=&#8220;default&#8220; custom_margin=&#8220;94px|0px||12px|false|false&#8220; custom_margin_tablet=&#8220;&#8220; custom_margin_phone=&#8220;0px||||false|false&#8220; custom_margin_last_edited=&#8220;on|phone&#8220; custom_padding=&#8220;|0px|||false|false&#8220; custom_css_gallery_item=&#8220;padding: 5px;||width: 50%!important;||    clear: none!important;&#8220;][\/et_pb_gallery][\/et_pb_column][\/et_pb_row][et_pb_row column_structure=&#8220;1_2,1_2&#8243; use_custom_gutter=&#8220;on&#8220; gutter_width=&#8220;1&#8243; _builder_version=&#8220;4.8.1&#8243; _module_preset=&#8220;default&#8220;][et_pb_column type=&#8220;1_2&#8243; _builder_version=&#8220;4.8.1&#8243; _module_preset=&#8220;default&#8220;][et_pb_text _builder_version=&#8220;4.8.1&#8243; _module_preset=&#8220;default&#8220; custom_margin=&#8220;|12px|||false|false&#8220; custom_padding=&#8220;8px|||2px||&#8220;]<\/p>\n<h3><strong>Waldsterben und Waldbrand<br \/><\/strong><\/h3>\n<p><span><\/span> Ein Beispiel ist das gro\u00dffl\u00e4chige Fichtensterben im Harz rund um das Brockenmassiv. Fichten wurden fr\u00fcher als schnellwachsendes Holz f\u00fcr den Bergbau und die Wiederaufforstung nach dem 2. Weltkrieg auch in Lagen angepflanzt, in denen sie eigentlich nicht heimisch sind. Von Natur aus w\u00fcrden hier Laubb\u00e4ume wachsen.<\/p>\n<p>Ursachen f\u00fcr das Baumsterben: Witterungsextreme wie D\u00fcrre, Starkregen und Sturm schw\u00e4chen die B\u00e4ume. Ausl\u00f6ser f\u00fcr das Fichtensterben sind die Borkenk\u00e4fer. Gesunde Fichten wehren sie eigentlich mit Baumharz ab.\u00a0<\/p>\n<p><span><\/span><\/p>\n<p>[\/et_pb_text][\/et_pb_column][et_pb_column type=&#8220;1_2&#8243; _builder_version=&#8220;4.8.1&#8243; _module_preset=&#8220;default&#8220;][et_pb_gallery gallery_ids=&#8220;5941,5942,5987,5944,5943&#8243; posts_number=&#8220;3&#8243; show_title_and_caption=&#8220;off&#8220; _builder_version=&#8220;4.8.1&#8243; _module_preset=&#8220;default&#8220; custom_margin=&#8220;59px||||false|false&#8220; custom_margin_tablet=&#8220;&#8220; custom_margin_phone=&#8220;0px||||false|false&#8220; custom_margin_last_edited=&#8220;on|phone&#8220; custom_css_gallery_item=&#8220;padding: 3px;||width: 33%!important;||    clear: none!important;&#8220;][\/et_pb_gallery][\/et_pb_column][\/et_pb_row][et_pb_row column_structure=&#8220;1_2,1_2&#8243; use_custom_gutter=&#8220;on&#8220; gutter_width=&#8220;1&#8243; _builder_version=&#8220;4.8.1&#8243; _module_preset=&#8220;default&#8220; custom_margin=&#8220;||-60px||false|false&#8220;][et_pb_column type=&#8220;1_2&#8243; _builder_version=&#8220;4.8.1&#8243; _module_preset=&#8220;default&#8220;][et_pb_text _builder_version=&#8220;4.8.1&#8243; _module_preset=&#8220;default&#8220; custom_margin=&#8220;|12px|-25px||false|false&#8220; custom_padding=&#8220;8px|||2px||&#8220;]<\/p>\n<h3><strong>Hochwasser und Sturmfluten<br \/><\/strong><\/h3>\n<ul>\n<li>Sturmfluten mit Starkregen<\/li>\n<li>Der Klimawandel sorgt f\u00fcr mehr Hochwasser.<\/li>\n<li>Die Gefahr von Hochwasserereignissen steigt.<\/li>\n<li>Hochwassergefahr durch kombinierte Wetterereignisse<\/li>\n<\/ul>\n<p>&nbsp;<\/p>\n<p><span><\/span><\/p>\n<p>[\/et_pb_text][\/et_pb_column][et_pb_column type=&#8220;1_2&#8243; _builder_version=&#8220;4.8.1&#8243; _module_preset=&#8220;default&#8220;][et_pb_gallery gallery_ids=&#8220;5957,5958,5955,5956&#8243; posts_number=&#8220;3&#8243; show_title_and_caption=&#8220;off&#8220; _builder_version=&#8220;4.8.1&#8243; _module_preset=&#8220;default&#8220; custom_margin=&#8220;11px||||false|false&#8220; custom_margin_tablet=&#8220;&#8220; custom_margin_phone=&#8220;0px||||false|false&#8220; custom_margin_last_edited=&#8220;on|phone&#8220; custom_css_gallery_item=&#8220;padding: 3px;||width: 33%!important;||    clear: none!important;&#8220;][\/et_pb_gallery][\/et_pb_column][\/et_pb_row][et_pb_row column_structure=&#8220;1_2,1_2&#8243; use_custom_gutter=&#8220;on&#8220; gutter_width=&#8220;1&#8243; _builder_version=&#8220;4.8.1&#8243; _module_preset=&#8220;default&#8220; custom_margin=&#8220;||-35px||false|false&#8220;][et_pb_column type=&#8220;1_2&#8243; _builder_version=&#8220;4.8.1&#8243; _module_preset=&#8220;default&#8220;][et_pb_text _builder_version=&#8220;4.8.1&#8243; _module_preset=&#8220;default&#8220; custom_margin=&#8220;|12px|-41px||false|false&#8220; custom_margin_tablet=&#8220;&#8220; custom_margin_phone=&#8220;&#8220; custom_margin_last_edited=&#8220;on|phone&#8220; custom_padding=&#8220;8px||0px|2px||&#8220;]<\/p>\n<h3><strong>Fossile Energien<\/strong><\/h3>\n<p><b>Tagebau im Rheinischen Braunkohlerevier Garzweiler: Verlorenes Land <\/b><\/p>\n<ul>\n<li>Deutschland steht an der Spitze der Braunkohle produzierenden L\u00e4nder.<\/li>\n<li>Der Tagebau Garzweiler besch\u00e4ftigt heute ca. 1.700 MitarbeiterInnen.<\/li>\n<li>Die Braunkohle liegt in drei Fl\u00f6zen in 40 bis 210 Meter Tiefe.<\/li>\n<li>Die durch Schaufelradbagger abgebaggerte Kohle wird direkt auf F\u00f6rderb\u00e4ndern zu in der N\u00e4he befindlichen Kraftwerken transportiert und dort verfeuert.\u00a0<\/li>\n<\/ul>\n<p><b>Untertagebau <\/b><b>Rammelsberg<\/b><b> in Goslar<\/b><\/p>\n<ul>\n<li>bis 1988 \u00fcber 1.000 Jahre Untertagebau<\/li>\n<li>heute Museum und Weltkulturerbe<\/li>\n<\/ul>\n<p>&nbsp;<\/p>\n<p><span><\/span><\/p>\n<p>[\/et_pb_text][\/et_pb_column][et_pb_column type=&#8220;1_2&#8243; _builder_version=&#8220;4.8.1&#8243; _module_preset=&#8220;default&#8220;][et_pb_gallery gallery_ids=&#8220;5969,5967,5968,5966,5965&#8243; posts_number=&#8220;3&#8243; show_title_and_caption=&#8220;off&#8220; _builder_version=&#8220;4.8.2&#8243; _module_preset=&#8220;default&#8220; custom_margin=&#8220;111px||0px||false|false&#8220; custom_margin_tablet=&#8220;&#8220; custom_margin_phone=&#8220;25px||||false|false&#8220; custom_margin_last_edited=&#8220;on|phone&#8220; custom_css_gallery_item=&#8220;padding: 3px;||width: 33%!important;||    clear: none!important;&#8220;][\/et_pb_gallery][\/et_pb_column][\/et_pb_row][et_pb_row column_structure=&#8220;3_5,2_5&#8243; use_custom_gutter=&#8220;on&#8220; gutter_width=&#8220;1&#8243; _builder_version=&#8220;4.8.1&#8243; _module_preset=&#8220;default&#8220;][et_pb_column type=&#8220;3_5&#8243; _builder_version=&#8220;4.8.1&#8243; _module_preset=&#8220;default&#8220;][et_pb_text _builder_version=&#8220;4.8.1&#8243; _module_preset=&#8220;default&#8220; min_height=&#8220;375.4px&#8220; custom_margin=&#8220;|12px|-8px||false|false&#8220; custom_margin_tablet=&#8220;&#8220; custom_margin_phone=&#8220;||0px||false|false&#8220; custom_margin_last_edited=&#8220;on|phone&#8220; custom_padding=&#8220;0px||0px|2px|false|false&#8220;]<\/p>\n<h3><strong>Kohlekraftwerke<\/strong><\/h3>\n<ul>\n<li>Derzeit gibt es etwa\u00a0<b>130 Kraftwerke f\u00fcr Kohle in Deutschland<\/b>. Der Gro\u00dfteil davon sind\u00a0<b>Braunkohleanlagen<\/b>. In den n\u00e4chsten Jahren soll sich die Anzahl der Kohlekraftwerke erh\u00f6hen, wobei jedoch mehr Steinkohlekraftwerke gebaut werden. Das Braunkohlekraftwerk ist nicht effizient genug.<\/li>\n<li>Steinkohle besitzt mehr fossile Energie und damit einen\u00a0<b>dreifach so hohen Energieanteil wie Braunkohle<\/b>.\u00a0 Zudem ist der <b>CO<\/b><b>2<\/b><b>-Aussto\u00df <\/b>bei Steinkohle etwas geringer.<\/li>\n<li>Im Jahr 2014 erzeugten Kohlekraftwerke in Deutschland etwa\u00a0<b>43 Prozent des gesamten Bruttostroms\u00a0<\/b>f\u00fcr die Bev\u00f6lkerung. Zusammen mit Erdgas und Mineral\u00f6lprodukten ergibt die Summe sogar\u00a0<b>54 Prozent\u00a0<\/b>(Quelle: Statistisches Bundesamt). Fossile Energietr\u00e4ger sind also derzeit die\u00a0<b>wichtigste Energiequelle f\u00fcr deutsche Haushalte<\/b>\u00a0sowie Industrie und Wirtschaft.<\/li>\n<li>Im Zuge der Energiewende soll das Kohlekraftwerk in Deutschland zuk\u00fcnftig keine gro\u00dfe Rolle mehr spielen. Dabei legt der Bund besonderen Wert auf\u00a0<span style=\"color: #000000;\"><a href=\"https:\/\/www.bussgeldkatalog.org\/strom-energie\/erneuerbare-energien\/\" style=\"color: #000000;\">erneuerbare Energien<\/a><\/span>. Da die Kosten dieser Anlagen jedoch vergleichsweise\u00a0<b>teuer\u00a0<\/b>sind, greift die Bundesregierung auf das Kohlekraftwerk zur\u00fcck.<\/li>\n<\/ul>\n<p><span><\/span><\/p>\n<p>[\/et_pb_text][\/et_pb_column][et_pb_column type=&#8220;2_5&#8243; _builder_version=&#8220;4.8.1&#8243; _module_preset=&#8220;default&#8220;][et_pb_gallery gallery_ids=&#8220;5990,5989&#8243; posts_number=&#8220;2&#8243; show_title_and_caption=&#8220;off&#8220; _builder_version=&#8220;4.8.1&#8243; _module_preset=&#8220;default&#8220; min_height=&#8220;174.5px&#8220; custom_margin=&#8220;111px||0px||false|false&#8220; custom_margin_tablet=&#8220;&#8220; custom_margin_phone=&#8220;0px||||false|false&#8220; custom_margin_last_edited=&#8220;on|desktop&#8220; custom_css_gallery_item=&#8220;padding: 5px;||width: 50%!important;||    clear: none!important;&#8220;][\/et_pb_gallery][\/et_pb_column][\/et_pb_row][et_pb_row column_structure=&#8220;3_5,2_5&#8243; use_custom_gutter=&#8220;on&#8220; gutter_width=&#8220;1&#8243; _builder_version=&#8220;4.8.1&#8243; _module_preset=&#8220;default&#8220; custom_margin=&#8220;||-115px||false|false&#8220;][et_pb_column type=&#8220;3_5&#8243; _builder_version=&#8220;4.8.1&#8243; _module_preset=&#8220;default&#8220;][et_pb_text _builder_version=&#8220;4.8.1&#8243; _module_preset=&#8220;default&#8220; min_height=&#8220;375.4px&#8220; custom_margin=&#8220;|12px|-129px||false|false&#8220; custom_margin_tablet=&#8220;&#8220; custom_margin_phone=&#8220;||-79px||false|false&#8220; custom_margin_last_edited=&#8220;on|desktop&#8220; custom_padding=&#8220;8px||0px|2px||&#8220; custom_padding_tablet=&#8220;&#8220; custom_padding_phone=&#8220;&#8220; custom_padding_last_edited=&#8220;on|phone&#8220;]<\/p>\n<h3><strong>Stahlproduktion aus Steinkohle<\/strong><\/h3>\n<p><strong>V\u00f6lklinger H\u00fctte<\/strong> im Saarland<\/p>\n<ul>\n<li>Stahlproduktion aus Eisenerz von 1873 bis 1986<\/li>\n<li>1965 arbeiten hier 17.000 Menschen, teilweise unter brutalen Bedingungen.<br \/>In Hoch\u00f6fen wurde bis auf 1.200\u00b0 C hochgeheizt<\/li>\n<li>Seit 1994 Weltkulturerbe<strong><br \/><\/strong><\/li>\n<\/ul>\n<p><span><\/span><\/p>\n<p>[\/et_pb_text][\/et_pb_column][et_pb_column type=&#8220;2_5&#8243; _builder_version=&#8220;4.8.1&#8243; _module_preset=&#8220;default&#8220;][et_pb_gallery gallery_ids=&#8220;6005,6004&#8243; show_title_and_caption=&#8220;off&#8220; _builder_version=&#8220;4.8.1&#8243; _module_preset=&#8220;default&#8220; min_height=&#8220;174.5px&#8220; custom_margin=&#8220;9px||0px||false|false&#8220; custom_margin_tablet=&#8220;&#8220; custom_margin_phone=&#8220;0px||||false|false&#8220; custom_margin_last_edited=&#8220;on|phone&#8220; custom_css_gallery_item=&#8220;padding: 5px;||width: 50%!important;||    clear: none!important;&#8220;][\/et_pb_gallery][\/et_pb_column][\/et_pb_row][et_pb_row column_structure=&#8220;1_2,1_2&#8243; use_custom_gutter=&#8220;on&#8220; gutter_width=&#8220;1&#8243; _builder_version=&#8220;4.8.1&#8243; _module_preset=&#8220;default&#8220; custom_margin=&#8220;||-130px||false|false&#8220; custom_margin_tablet=&#8220;&#8220; custom_margin_phone=&#8220;||-72px||false|false&#8220; custom_margin_last_edited=&#8220;on|phone&#8220;][et_pb_column type=&#8220;1_2&#8243; _builder_version=&#8220;4.8.1&#8243; _module_preset=&#8220;default&#8220;][et_pb_text _builder_version=&#8220;4.8.1&#8243; _module_preset=&#8220;default&#8220; min_height=&#8220;375.4px&#8220; custom_margin=&#8220;|12px|-8px||false|false&#8220; custom_padding=&#8220;8px||0px|2px||&#8220;]<\/p>\n<h3><strong>Windr\u00e4der<\/strong><\/h3>\n<ul>\n<li>Windkraftanlagen k\u00f6nnen je nach Standort zum Risiko f\u00fcr Greifv\u00f6gel werden. Greifv\u00f6gel verungl\u00fccken an Windkraftanlagen tags\u00fcber und bei bester Sicht.<\/li>\n<li>Windkraftanlagen haben eine Lebensdauer von 20 bis 30 Jahren.<\/li>\n<li>Beim Repowering werden Altanlagen durch gr\u00f6\u00dfere und moderne Neuanlagen ersetzt.<\/li>\n<li>F\u00fcr die pro Jahr erwarteten bis zu 70.000 Tonnen Faserverbundwerkstoffe liegen nicht gen\u00fcgend Recyclingkapazit\u00e4t vor.<\/li>\n<\/ul>\n<p>&nbsp;<\/p>\n<p><span><\/span><\/p>\n<p>[\/et_pb_text][\/et_pb_column][et_pb_column type=&#8220;1_2&#8243; _builder_version=&#8220;4.8.1&#8243; _module_preset=&#8220;default&#8220;][et_pb_gallery gallery_ids=&#8220;6014,6015,6011,6010,6009,6012,6013&#8243; posts_number=&#8220;3&#8243; show_title_and_caption=&#8220;off&#8220; _builder_version=&#8220;4.8.1&#8243; _module_preset=&#8220;default&#8220; min_height=&#8220;174.5px&#8220; custom_margin=&#8220;64px||0px||false|false&#8220; custom_margin_tablet=&#8220;&#8220; custom_margin_phone=&#8220;0px||||false|false&#8220; custom_margin_last_edited=&#8220;on|phone&#8220; custom_css_gallery_item=&#8220;padding: 5px;||width: 33%!important;||    clear: none!important;&#8220;][\/et_pb_gallery][\/et_pb_column][\/et_pb_row][\/et_pb_section]<\/p>\n","protected":false},"excerpt":{"rendered":"<p>Klimawandel, welchen Einfluss hat er auf uns Team 1: Birgit Ohm, J\u00f6rg Recoschewitz, Thomas Schneider, Helmut K\u00fchnert, Januar 2021Klimawandel, St\u00fcrme, Hitze und K\u00e4lte, Trockenheit und Hochwasser gibt es schon immer. Aber die H\u00e4ufigkeit und Intensit\u00e4t der Ph\u00e4nomene, die rasante Erderw\u00e4rmung gehen auf den menschengemachten Raubbau an der Natur zur\u00fcck. Wir haben uns zun\u00e4chst mit den [&hellip;]<\/p>\n","protected":false},"author":3,"featured_media":0,"parent":0,"menu_order":0,"comment_status":"closed","ping_status":"closed","template":"","meta":{"_et_pb_use_builder":"on","_et_pb_old_content":"<!-- wp:divi\/placeholder \/-->","_et_gb_content_width":"","footnotes":""},"class_list":["post-5912","page","type-page","status-publish","hentry"],"yoast_head":"<!-- This site is optimized with the Yoast SEO plugin v27.2 - https:\/\/yoast.com\/product\/yoast-seo-wordpress\/ -->\n<title>Klimawandel 1 - Homepage der Fotofreunde Schwarzenbek<\/title>\n<meta name=\"robots\" content=\"index, follow, max-snippet:-1, max-image-preview:large, max-video-preview:-1\" \/>\n<link rel=\"canonical\" href=\"https:\/\/fotofreunde-schwarzenbek.de\/?page_id=5912\" \/>\n<meta property=\"og:locale\" content=\"de_DE\" \/>\n<meta property=\"og:type\" content=\"article\" \/>\n<meta property=\"og:title\" content=\"Klimawandel 1 - Homepage der Fotofreunde Schwarzenbek\" \/>\n<meta property=\"og:description\" content=\"Klimawandel, welchen Einfluss hat er auf uns Team 1: Birgit Ohm, J\u00f6rg Recoschewitz, Thomas Schneider, Helmut K\u00fchnert, Januar 2021Klimawandel, St\u00fcrme, Hitze und K\u00e4lte, Trockenheit und Hochwasser gibt es schon immer. Aber die H\u00e4ufigkeit und Intensit\u00e4t der Ph\u00e4nomene, die rasante Erderw\u00e4rmung gehen auf den menschengemachten Raubbau an der Natur zur\u00fcck. Wir haben uns zun\u00e4chst mit den [&hellip;]\" \/>\n<meta property=\"og:url\" content=\"https:\/\/fotofreunde-schwarzenbek.de\/?page_id=5912\" \/>\n<meta property=\"og:site_name\" content=\"Homepage der Fotofreunde Schwarzenbek\" \/>\n<meta property=\"article:modified_time\" content=\"2021-02-12T17:51:28+00:00\" \/>\n<meta name=\"twitter:card\" content=\"summary_large_image\" \/>\n<script type=\"application\/ld+json\" class=\"yoast-schema-graph\">{\"@context\":\"https:\/\/schema.org\",\"@graph\":[{\"@type\":\"WebPage\",\"@id\":\"https:\/\/fotofreunde-schwarzenbek.de\/?page_id=5912\",\"url\":\"https:\/\/fotofreunde-schwarzenbek.de\/?page_id=5912\",\"name\":\"Klimawandel 1 - Homepage der Fotofreunde Schwarzenbek\",\"isPartOf\":{\"@id\":\"https:\/\/fotofreunde-schwarzenbek.de\/#website\"},\"datePublished\":\"2021-02-12T17:51:19+00:00\",\"dateModified\":\"2021-02-12T17:51:28+00:00\",\"breadcrumb\":{\"@id\":\"https:\/\/fotofreunde-schwarzenbek.de\/?page_id=5912#breadcrumb\"},\"inLanguage\":\"de\",\"potentialAction\":[{\"@type\":\"ReadAction\",\"target\":[\"https:\/\/fotofreunde-schwarzenbek.de\/?page_id=5912\"]}]},{\"@type\":\"BreadcrumbList\",\"@id\":\"https:\/\/fotofreunde-schwarzenbek.de\/?page_id=5912#breadcrumb\",\"itemListElement\":[{\"@type\":\"ListItem\",\"position\":1,\"name\":\"Startseite\",\"item\":\"https:\/\/fotofreunde-schwarzenbek.de\/\"},{\"@type\":\"ListItem\",\"position\":2,\"name\":\"Klimawandel 1\"}]},{\"@type\":\"WebSite\",\"@id\":\"https:\/\/fotofreunde-schwarzenbek.de\/#website\",\"url\":\"https:\/\/fotofreunde-schwarzenbek.de\/\",\"name\":\"Homepage der Fotofreunde Schwarzenbek\",\"description\":\"Fotos, Fotos, Fotos\",\"potentialAction\":[{\"@type\":\"SearchAction\",\"target\":{\"@type\":\"EntryPoint\",\"urlTemplate\":\"https:\/\/fotofreunde-schwarzenbek.de\/?s={search_term_string}\"},\"query-input\":{\"@type\":\"PropertyValueSpecification\",\"valueRequired\":true,\"valueName\":\"search_term_string\"}}],\"inLanguage\":\"de\"}]}<\/script>\n<!-- \/ Yoast SEO plugin. -->","yoast_head_json":{"title":"Klimawandel 1 - Homepage der Fotofreunde Schwarzenbek","robots":{"index":"index","follow":"follow","max-snippet":"max-snippet:-1","max-image-preview":"max-image-preview:large","max-video-preview":"max-video-preview:-1"},"canonical":"https:\/\/fotofreunde-schwarzenbek.de\/?page_id=5912","og_locale":"de_DE","og_type":"article","og_title":"Klimawandel 1 - Homepage der Fotofreunde Schwarzenbek","og_description":"Klimawandel, welchen Einfluss hat er auf uns Team 1: Birgit Ohm, J\u00f6rg Recoschewitz, Thomas Schneider, Helmut K\u00fchnert, Januar 2021Klimawandel, St\u00fcrme, Hitze und K\u00e4lte, Trockenheit und Hochwasser gibt es schon immer. Aber die H\u00e4ufigkeit und Intensit\u00e4t der Ph\u00e4nomene, die rasante Erderw\u00e4rmung gehen auf den menschengemachten Raubbau an der Natur zur\u00fcck. Wir haben uns zun\u00e4chst mit den [&hellip;]","og_url":"https:\/\/fotofreunde-schwarzenbek.de\/?page_id=5912","og_site_name":"Homepage der Fotofreunde Schwarzenbek","article_modified_time":"2021-02-12T17:51:28+00:00","twitter_card":"summary_large_image","schema":{"@context":"https:\/\/schema.org","@graph":[{"@type":"WebPage","@id":"https:\/\/fotofreunde-schwarzenbek.de\/?page_id=5912","url":"https:\/\/fotofreunde-schwarzenbek.de\/?page_id=5912","name":"Klimawandel 1 - Homepage der Fotofreunde Schwarzenbek","isPartOf":{"@id":"https:\/\/fotofreunde-schwarzenbek.de\/#website"},"datePublished":"2021-02-12T17:51:19+00:00","dateModified":"2021-02-12T17:51:28+00:00","breadcrumb":{"@id":"https:\/\/fotofreunde-schwarzenbek.de\/?page_id=5912#breadcrumb"},"inLanguage":"de","potentialAction":[{"@type":"ReadAction","target":["https:\/\/fotofreunde-schwarzenbek.de\/?page_id=5912"]}]},{"@type":"BreadcrumbList","@id":"https:\/\/fotofreunde-schwarzenbek.de\/?page_id=5912#breadcrumb","itemListElement":[{"@type":"ListItem","position":1,"name":"Startseite","item":"https:\/\/fotofreunde-schwarzenbek.de\/"},{"@type":"ListItem","position":2,"name":"Klimawandel 1"}]},{"@type":"WebSite","@id":"https:\/\/fotofreunde-schwarzenbek.de\/#website","url":"https:\/\/fotofreunde-schwarzenbek.de\/","name":"Homepage der Fotofreunde Schwarzenbek","description":"Fotos, Fotos, Fotos","potentialAction":[{"@type":"SearchAction","target":{"@type":"EntryPoint","urlTemplate":"https:\/\/fotofreunde-schwarzenbek.de\/?s={search_term_string}"},"query-input":{"@type":"PropertyValueSpecification","valueRequired":true,"valueName":"search_term_string"}}],"inLanguage":"de"}]}},"_links":{"self":[{"href":"https:\/\/fotofreunde-schwarzenbek.de\/index.php?rest_route=\/wp\/v2\/pages\/5912","targetHints":{"allow":["GET"]}}],"collection":[{"href":"https:\/\/fotofreunde-schwarzenbek.de\/index.php?rest_route=\/wp\/v2\/pages"}],"about":[{"href":"https:\/\/fotofreunde-schwarzenbek.de\/index.php?rest_route=\/wp\/v2\/types\/page"}],"author":[{"embeddable":true,"href":"https:\/\/fotofreunde-schwarzenbek.de\/index.php?rest_route=\/wp\/v2\/users\/3"}],"replies":[{"embeddable":true,"href":"https:\/\/fotofreunde-schwarzenbek.de\/index.php?rest_route=%2Fwp%2Fv2%2Fcomments&post=5912"}],"version-history":[{"count":3,"href":"https:\/\/fotofreunde-schwarzenbek.de\/index.php?rest_route=\/wp\/v2\/pages\/5912\/revisions"}],"predecessor-version":[{"id":6086,"href":"https:\/\/fotofreunde-schwarzenbek.de\/index.php?rest_route=\/wp\/v2\/pages\/5912\/revisions\/6086"}],"wp:attachment":[{"href":"https:\/\/fotofreunde-schwarzenbek.de\/index.php?rest_route=%2Fwp%2Fv2%2Fmedia&parent=5912"}],"curies":[{"name":"wp","href":"https:\/\/api.w.org\/{rel}","templated":true}]}}