{"id":3305,"date":"2020-01-13T13:56:33","date_gmt":"2020-01-13T12:56:33","guid":{"rendered":"https:\/\/fotofreunde-schwarzenbek.de\/?page_id=3305"},"modified":"2021-04-09T16:13:24","modified_gmt":"2021-04-09T14:13:24","slug":"gruppenwettbewerb-2019","status":"publish","type":"page","link":"https:\/\/fotofreunde-schwarzenbek.de\/?page_id=3305","title":{"rendered":"Gruppenwettbewerb 2019"},"content":{"rendered":"<p>[et_pb_section fb_built=&#8220;1&#8243; _builder_version=&#8220;4.1&#8243;][et_pb_row admin_label=&#8220;Zeile Galerietitel&#8220; module_class=&#8220; et_pb_row_fullwidth&#8220; _builder_version=&#8220;4.2.1&#8243; width=&#8220;71%&#8220; width_tablet=&#8220;80%&#8220; width_phone=&#8220;100%&#8220; width_last_edited=&#8220;on|phone&#8220; max_width=&#8220;89%&#8220; max_width_tablet=&#8220;80%&#8220; max_width_phone=&#8220;161%&#8220; max_width_last_edited=&#8220;on|phone&#8220; module_alignment=&#8220;center&#8220; custom_margin=&#8220;|auto||220px|false|false&#8220; custom_margin_tablet=&#8220;&#8220; custom_margin_phone=&#8220;&#8220; custom_margin_last_edited=&#8220;on|phone&#8220; custom_padding=&#8220;8px|0px|9px|2px|false|false&#8220; make_fullwidth=&#8220;on&#8220;][et_pb_column type=&#8220;4_4&#8243; _builder_version=&#8220;3.25&#8243; custom_padding=&#8220;|||&#8220; custom_padding__hover=&#8220;|||&#8220;][et_pb_text _builder_version=&#8220;4.1&#8243;]<\/p>\n<p><span style=\"font-size: x-large;\"><strong>Gruppenwettbewerb 2019<br \/><\/strong><\/span><\/p>\n<p><span style=\"font-size: medium;\"><strong>Es gab 3 Teams, die jeweils eine Reportage zu einem selbstgew\u00e4hlten Thema zu erstellen hatten.<\/strong><\/span><span style=\"font-size: medium;\"><strong><br \/> <\/strong><\/span><\/p>\n<p>[\/et_pb_text][\/et_pb_column][\/et_pb_row][et_pb_row column_structure=&#8220;1_2,1_2&#8243; use_custom_gutter=&#8220;on&#8220; gutter_width=&#8220;1&#8243; make_equal=&#8220;on&#8220; _builder_version=&#8220;4.2.1&#8243; background_color=&#8220;#ffffff&#8220; width_tablet=&#8220;100%&#8220; width_phone=&#8220;100%&#8220; width_last_edited=&#8220;on|tablet&#8220; min_height=&#8220;178px&#8220; custom_margin=&#8220;12px|auto|-25px|auto|false|false&#8220; custom_margin_tablet=&#8220;&#8220; custom_margin_phone=&#8220;&#8220; custom_margin_last_edited=&#8220;on|desktop&#8220; custom_padding=&#8220;0px|||4px|false|false&#8220;][et_pb_column type=&#8220;1_2&#8243; _builder_version=&#8220;3.25&#8243; custom_padding=&#8220;|||&#8220; custom_padding__hover=&#8220;|||&#8220;][et_pb_text _builder_version=&#8220;4.2.1&#8243; custom_margin=&#8220;|3px||0px|false|false&#8220; custom_padding=&#8220;16px|||0px|false|false&#8220;]<\/p>\n<p><strong>Team1<\/strong>, Damir Markovic und Stefan Stauch, dukumentierte am 21.09.2019 eine <strong>Katastrophenschutz\u00fcbung zu einem simulierten Flugzeugabsturz<\/strong> in Reinfeld bei L\u00fcbeck. In der Fr\u00fche erfolgte f\u00fcr alle Hilfskr\u00e4fte die Alarmierung. Der Sammelpunkt f\u00fcr den Kreis Herzogtum Lauenburg war in Ratzeburg. Von dort erfolgte dann von der zentralen Einsatzleitung der Einsatzbefehl zur Ungl\u00fccksstelle. Wir konnten im Einsatzwagen mitfahren.<\/p>\n<p>&nbsp;<\/p>\n<p>[\/et_pb_text][\/et_pb_column][et_pb_column type=&#8220;1_2&#8243; _builder_version=&#8220;3.25&#8243; custom_padding=&#8220;|||&#8220; custom_padding__hover=&#8220;|||&#8220;][et_pb_gallery gallery_ids=&#8220;3273,3274,3281,3275,3287,3284,3282,3290,3293,3300,3288,3295,3283,3292,3285,3286,3299,3296,3291,3298,3297,3294,3301,3302,3303,3289&#8243; posts_number=&#8220;3&#8243; show_title_and_caption=&#8220;off&#8220; _builder_version=&#8220;4.8.2&#8243; custom_margin=&#8220;|||&#8220; custom_padding=&#8220;|3px||&#8220; z_index_tablet=&#8220;500&#8243; custom_css_gallery_item=&#8220;padding: 5px;||width: 33.3%!important;||clear: right!important;&#8220; title_text_shadow_horizontal_length_tablet=&#8220;0px&#8220; title_text_shadow_vertical_length_tablet=&#8220;0px&#8220; title_text_shadow_blur_strength_tablet=&#8220;1px&#8220; caption_text_shadow_horizontal_length_tablet=&#8220;0px&#8220; caption_text_shadow_vertical_length_tablet=&#8220;0px&#8220; caption_text_shadow_blur_strength_tablet=&#8220;1px&#8220; pagination_text_shadow_horizontal_length_tablet=&#8220;0px&#8220; pagination_text_shadow_vertical_length_tablet=&#8220;0px&#8220; pagination_text_shadow_blur_strength_tablet=&#8220;1px&#8220; box_shadow_horizontal_tablet=&#8220;0px&#8220; box_shadow_vertical_tablet=&#8220;0px&#8220; box_shadow_blur_tablet=&#8220;40px&#8220; box_shadow_spread_tablet=&#8220;0px&#8220; box_shadow_horizontal_image_tablet=&#8220;0px&#8220; box_shadow_vertical_image_tablet=&#8220;0px&#8220; box_shadow_blur_image_tablet=&#8220;40px&#8220; box_shadow_spread_image_tablet=&#8220;0px&#8220; text_shadow_horizontal_length_tablet=&#8220;0px&#8220; text_shadow_vertical_length_tablet=&#8220;0px&#8220; text_shadow_blur_strength_tablet=&#8220;1px&#8220;][\/et_pb_gallery][\/et_pb_column][\/et_pb_row][et_pb_row _builder_version=&#8220;4.2.1&#8243; width=&#8220;97%&#8220; width_tablet=&#8220;&#8220; width_phone=&#8220;&#8220; width_last_edited=&#8220;on|desktop&#8220; max_width_tablet=&#8220;&#8220; max_width_phone=&#8220;&#8220; max_width_last_edited=&#8220;on|phone&#8220; custom_padding=&#8220;6px|||||&#8220;][et_pb_column type=&#8220;4_4&#8243; _builder_version=&#8220;4.2.1&#8243;][et_pb_toggle title=&#8220;Der \u00dcbungsplatz war riesig und voller Einsatzkr\u00e4fte. Unz\u00e4hlige Rettungs- und Feuerwehrwagen standen um den \u00dcbungsplatz herum&#8230;&#8220; icon_color=&#8220;#e02b20&#8243; _builder_version=&#8220;4.2.2&#8243; width=&#8220;101%&#8220; max_width_tablet=&#8220;&#8220; max_width_phone=&#8220;none&#8220; max_width_last_edited=&#8220;on|phone&#8220; module_alignment=&#8220;center&#8220; custom_margin=&#8220;|||-1px|false|false&#8220; custom_margin_tablet=&#8220;&#8220; custom_margin_phone=&#8220;|0px||-1px|false|false&#8220; custom_margin_last_edited=&#8220;on|phone&#8220; custom_padding=&#8220;|3px||4px|false|false&#8220;]Beim Eintreffen stand die Flugzeugattrappe unter dichtem Rauch, der zur realit\u00e4tsnahen Simulation erzeugt wurde. Feuerwehrm\u00e4nner waren dabei, die Verletzten aus dem Wrack zu bergen und zu den medizinischen Rettungskr\u00e4ften auf einen riesigen Verbandsplatz zu transportieren.<br \/>\nDort wurden sie an dem medizinischen Dienst \u00fcbergeben, die Erstversorgung vorgenommen, den \u00c4rzten zur<br \/>\nDiagnostik vorgestellt und dann intensivmedizinisch versorgt. Die Verletzten waren grauenvoll und professionell geschminkt. Es waren Brandverletzungen und offene Wunden zu sehen, die einem schon echt Angst gemacht haben.<br \/>\nEs waren extra Statisten engagiert worden, um die Rettungskr\u00e4fte zu st\u00f6ren. Sie standen im Weg, machten Fotos und stellten bl\u00f6de Fragen. Und wir mitten drin, beim Wrack und auf dem Verbandsplatz, mit dem Objektiv sozusagen in der Wunde.<br \/>\nEs ist gut zu wissen, dass man so etwas f\u00fcr den Ernstfall \u00fcbt und vorbereitet ist, auch wenn so etwas hoffentlich nie passiert. Es war sch\u00f6n zu sehen, wie die vielen ehrenamtlichen Helfer, koordiniert und routiniert, mit Ernst und Engagement Ihre schwere Aufgabe angenommen haben.[\/et_pb_toggle][\/et_pb_column][\/et_pb_row][et_pb_row column_structure=&#8220;1_2,1_2&#8243; use_custom_gutter=&#8220;on&#8220; gutter_width=&#8220;1&#8243; make_equal=&#8220;on&#8220; custom_padding_last_edited=&#8220;on|phone&#8220; _builder_version=&#8220;4.2.1&#8243; background_color=&#8220;#ffffff&#8220; width_tablet=&#8220;100%&#8220; width_phone=&#8220;100%&#8220; width_last_edited=&#8220;on|tablet&#8220; min_height=&#8220;178px&#8220; custom_margin=&#8220;12px|auto|-25px|auto|false|false&#8220; custom_padding=&#8220;0px|||3px|false|false&#8220; custom_padding_tablet=&#8220;&#8220; custom_padding_phone=&#8220;&#8220;][et_pb_column type=&#8220;1_2&#8243; _builder_version=&#8220;3.25&#8243; custom_padding=&#8220;|||&#8220; custom_padding__hover=&#8220;|||&#8220;][et_pb_text _builder_version=&#8220;4.2.1&#8243; custom_margin=&#8220;|3px||0px|false|false&#8220; custom_padding=&#8220;16px|||0px|false|false&#8220;]<\/p>\n<p><strong>Team2<\/strong>,\u00a0<strong><\/strong> B\u00e4rbel Rausch, Berndt Kropp und Hartmut L\u00f6hn, dukumentierte am 15.09.2019 in Hannover den <strong>Zirkus Roncalli<\/strong> &#8211; auch Backstage.<\/p>\n<p>&#8222;Mit einem ausrangierten alten Cirkus-Wohnwagen gr\u00fcndet Bernhard Paul 1975 den Circus Roncalli und baut seinen Kindheitstraum in den n\u00e4chsten 20 Jahren aus, zu einer Show, die keine Show ist. Ein Theater das kein Theater ist.<br \/>Es ist eine vertr\u00e4umte Nostalgiestadt, wie ein zarter Kuss.&#8220;<\/p>\n<p>&nbsp;<\/p>\n<p>[\/et_pb_text][\/et_pb_column][et_pb_column type=&#8220;1_2&#8243; _builder_version=&#8220;3.25&#8243; custom_padding=&#8220;|||&#8220; custom_padding__hover=&#8220;|||&#8220;][et_pb_gallery gallery_ids=&#8220;3359,3360,3361,3362,3369,3366,3363,3375,3376,3364,3490,3370,3496,3439,3365,3367,3368,3371,3440,3441,3442,3443,3492,3488,3444,3372,3373,3374,3493,3497,3377,3378,3379&#8243; posts_number=&#8220;3&#8243; show_title_and_caption=&#8220;off&#8220; _builder_version=&#8220;4.8.2&#8243; custom_margin=&#8220;|||&#8220; custom_padding=&#8220;|3px||&#8220; z_index_tablet=&#8220;500&#8243; custom_css_gallery_item=&#8220;padding: 5px;||width: 33.3%!important;||clear: right!important;&#8220; title_text_shadow_horizontal_length_tablet=&#8220;0px&#8220; title_text_shadow_vertical_length_tablet=&#8220;0px&#8220; title_text_shadow_blur_strength_tablet=&#8220;1px&#8220; caption_text_shadow_horizontal_length_tablet=&#8220;0px&#8220; caption_text_shadow_vertical_length_tablet=&#8220;0px&#8220; caption_text_shadow_blur_strength_tablet=&#8220;1px&#8220; pagination_text_shadow_horizontal_length_tablet=&#8220;0px&#8220; pagination_text_shadow_vertical_length_tablet=&#8220;0px&#8220; pagination_text_shadow_blur_strength_tablet=&#8220;1px&#8220; box_shadow_horizontal_tablet=&#8220;0px&#8220; box_shadow_vertical_tablet=&#8220;0px&#8220; box_shadow_blur_tablet=&#8220;40px&#8220; box_shadow_spread_tablet=&#8220;0px&#8220; box_shadow_horizontal_image_tablet=&#8220;0px&#8220; box_shadow_vertical_image_tablet=&#8220;0px&#8220; box_shadow_blur_image_tablet=&#8220;40px&#8220; box_shadow_spread_image_tablet=&#8220;0px&#8220; text_shadow_horizontal_length_tablet=&#8220;0px&#8220; text_shadow_vertical_length_tablet=&#8220;0px&#8220; text_shadow_blur_strength_tablet=&#8220;1px&#8220;][\/et_pb_gallery][\/et_pb_column][\/et_pb_row][et_pb_row column_structure=&#8220;1_2,1_2&#8243; use_custom_gutter=&#8220;on&#8220; gutter_width=&#8220;1&#8243; make_equal=&#8220;on&#8220; custom_padding_last_edited=&#8220;on|phone&#8220; _builder_version=&#8220;4.9.2&#8243; background_color=&#8220;#ffffff&#8220; width_tablet=&#8220;100%&#8220; width_phone=&#8220;100%&#8220; width_last_edited=&#8220;on|tablet&#8220; min_height=&#8220;178px&#8220; custom_margin=&#8220;12px|auto|-25px|auto|false|false&#8220; custom_padding=&#8220;0px|||3px|false|false&#8220; custom_padding_tablet=&#8220;&#8220; custom_padding_phone=&#8220;&#8220;][et_pb_column type=&#8220;1_2&#8243; _builder_version=&#8220;3.25&#8243; custom_padding=&#8220;|||&#8220; custom_padding__hover=&#8220;|||&#8220;][et_pb_text _builder_version=&#8220;4.9.2&#8243; min_height=&#8220;315.4px&#8220; custom_margin=&#8220;|3px||0px|false|false&#8220; custom_padding=&#8220;0px|||0px|false|false&#8220;]<\/p>\n<p><strong>Team3<\/strong>, die drei H \u2018s Heinz Winter, Helmut K\u00fchnert und Herrmann Hauffe dokumentierte eine gr\u00f6\u00dfere Gemeinschaftsarbeit in der Kleingartenanlage Rieselwiese. Diese ist die gr\u00f6\u00dfte der vier Gartenanlagen des Kleingartenvereins Neue Heimat e.V. Schwarzenbek. Der Kleigartenverein Neue Heimat ist mit 258 Mitgliedern der zweitgr\u00f6\u00dfte Gartenverein im Kreis Herzogtum Lauenburg.<\/p>\n<p>In dieser Anlage musste am Gemeinschaftshaus ein neuer und gr\u00f6\u00dferer Abwassertank eingebaut werden. Diese Arbeiten wurden im Vorfeld mit den Obleuten der Anlage, dem Vorstand des Vereins und den zust\u00e4ndigen Beh\u00f6rden der Stadt Schwarzenbek geplant.<\/p>\n<p>Arbeitsbeginn war der 01.08.2020 um 8:30 Uhr, hierzu wurden 13 Gartenfreunde eingeteilt.\u00a0<\/p>\n<p>&nbsp;<\/p>\n<p>&nbsp;<\/p>\n<p>[\/et_pb_text][\/et_pb_column][et_pb_column type=&#8220;1_2&#8243; _builder_version=&#8220;3.25&#8243; custom_padding=&#8220;|||&#8220; custom_padding__hover=&#8220;|||&#8220;][et_pb_gallery gallery_ids=&#8220;6464,6465,6466,6467,6468,6469,6470,6471,6472,6473,6474,6475,6476,6477,6478,6479,6480,6481,6482,6483,6484,6485,6486,6487,6494,6495,6496,6497,6498,6499,6500,6501,6502,6503,6505,6506,6508,6507&#8243; posts_number=&#8220;6&#8243; _builder_version=&#8220;4.9.3&#8243; custom_margin=&#8220;||||false|false&#8220; custom_margin_tablet=&#8220;&#8220; custom_margin_phone=&#8220;&#8220; custom_margin_last_edited=&#8220;on|phone&#8220; custom_padding=&#8220;|3px||&#8220; hover_enabled=&#8220;0&#8243; z_index_tablet=&#8220;500&#8243; custom_css_gallery_item=&#8220;padding: 5px;||width: 33.3%!important;||clear: right!important;||||&#8220; custom_css_gallery_item_title=&#8220;display:none!important;;&#8220; custom_css_gallery_item_caption=&#8220;display:none!important;;&#8220; title_text_shadow_horizontal_length_tablet=&#8220;0px&#8220; title_text_shadow_vertical_length_tablet=&#8220;0px&#8220; title_text_shadow_blur_strength_tablet=&#8220;1px&#8220; caption_text_shadow_horizontal_length_tablet=&#8220;0px&#8220; caption_text_shadow_vertical_length_tablet=&#8220;0px&#8220; caption_text_shadow_blur_strength_tablet=&#8220;1px&#8220; pagination_text_shadow_horizontal_length_tablet=&#8220;0px&#8220; pagination_text_shadow_vertical_length_tablet=&#8220;0px&#8220; pagination_text_shadow_blur_strength_tablet=&#8220;1px&#8220; box_shadow_horizontal_tablet=&#8220;0px&#8220; box_shadow_vertical_tablet=&#8220;0px&#8220; box_shadow_blur_tablet=&#8220;40px&#8220; box_shadow_spread_tablet=&#8220;0px&#8220; box_shadow_horizontal_image_tablet=&#8220;0px&#8220; box_shadow_vertical_image_tablet=&#8220;0px&#8220; box_shadow_blur_image_tablet=&#8220;40px&#8220; box_shadow_spread_image_tablet=&#8220;0px&#8220; text_shadow_horizontal_length_tablet=&#8220;0px&#8220; text_shadow_vertical_length_tablet=&#8220;0px&#8220; text_shadow_blur_strength_tablet=&#8220;1px&#8220; sticky_enabled=&#8220;0&#8243;][\/et_pb_gallery][\/et_pb_column][\/et_pb_row][et_pb_row _builder_version=&#8220;4.7.3&#8243; _module_preset=&#8220;default&#8220;][et_pb_column type=&#8220;4_4&#8243; _builder_version=&#8220;4.7.3&#8243; _module_preset=&#8220;default&#8220;][et_pb_button button_url=&#8220;https:\/\/fotofreunde-schwarzenbek.de\/?page_id=432&#8243; button_text=&#8220;weiter zum %22Gruppenwettbewerb%22 2017&#8243; button_alignment=&#8220;right&#8220; _builder_version=&#8220;4.7.3&#8243; _module_preset=&#8220;default&#8220; custom_button=&#8220;on&#8220; button_text_color=&#8220;#000000&#8243; custom_padding=&#8220;0px|||||&#8220;][\/et_pb_button][\/et_pb_column][\/et_pb_row][\/et_pb_section]<\/p>\n","protected":false},"excerpt":{"rendered":"<p>Gruppenwettbewerb 2019 Es gab 3 Teams, die jeweils eine Reportage zu einem selbstgew\u00e4hlten Thema zu erstellen hatten. Team1, Damir Markovic und Stefan Stauch, dukumentierte am 21.09.2019 eine Katastrophenschutz\u00fcbung zu einem simulierten Flugzeugabsturz in Reinfeld bei L\u00fcbeck. In der Fr\u00fche erfolgte f\u00fcr alle Hilfskr\u00e4fte die Alarmierung. Der Sammelpunkt f\u00fcr den Kreis Herzogtum Lauenburg war in Ratzeburg. [&hellip;]<\/p>\n","protected":false},"author":3,"featured_media":0,"parent":0,"menu_order":0,"comment_status":"closed","ping_status":"closed","template":"","meta":{"_et_pb_use_builder":"on","_et_pb_old_content":"<!-- wp:divi\/placeholder \/-->","_et_gb_content_width":"","footnotes":""},"class_list":["post-3305","page","type-page","status-publish","hentry"],"yoast_head":"<!-- This site is optimized with the Yoast SEO plugin v27.2 - https:\/\/yoast.com\/product\/yoast-seo-wordpress\/ -->\n<title>Gruppenwettbewerb 2019 - Homepage der Fotofreunde Schwarzenbek<\/title>\n<meta name=\"robots\" content=\"index, follow, max-snippet:-1, max-image-preview:large, max-video-preview:-1\" \/>\n<link rel=\"canonical\" href=\"https:\/\/fotofreunde-schwarzenbek.de\/?page_id=3305\" \/>\n<meta property=\"og:locale\" content=\"de_DE\" \/>\n<meta property=\"og:type\" content=\"article\" \/>\n<meta property=\"og:title\" content=\"Gruppenwettbewerb 2019 - Homepage der Fotofreunde Schwarzenbek\" \/>\n<meta property=\"og:description\" content=\"Gruppenwettbewerb 2019 Es gab 3 Teams, die jeweils eine Reportage zu einem selbstgew\u00e4hlten Thema zu erstellen hatten. Team1, Damir Markovic und Stefan Stauch, dukumentierte am 21.09.2019 eine Katastrophenschutz\u00fcbung zu einem simulierten Flugzeugabsturz in Reinfeld bei L\u00fcbeck. In der Fr\u00fche erfolgte f\u00fcr alle Hilfskr\u00e4fte die Alarmierung. Der Sammelpunkt f\u00fcr den Kreis Herzogtum Lauenburg war in Ratzeburg. [&hellip;]\" \/>\n<meta property=\"og:url\" content=\"https:\/\/fotofreunde-schwarzenbek.de\/?page_id=3305\" \/>\n<meta property=\"og:site_name\" content=\"Homepage der Fotofreunde Schwarzenbek\" \/>\n<meta property=\"article:modified_time\" content=\"2021-04-09T14:13:24+00:00\" \/>\n<meta name=\"twitter:card\" content=\"summary_large_image\" \/>\n<meta name=\"twitter:label1\" content=\"Gesch\u00e4tzte Lesezeit\" \/>\n\t<meta name=\"twitter:data1\" content=\"8\u00a0Minuten\" \/>\n<script type=\"application\/ld+json\" class=\"yoast-schema-graph\">{\"@context\":\"https:\/\/schema.org\",\"@graph\":[{\"@type\":\"WebPage\",\"@id\":\"https:\/\/fotofreunde-schwarzenbek.de\/?page_id=3305\",\"url\":\"https:\/\/fotofreunde-schwarzenbek.de\/?page_id=3305\",\"name\":\"Gruppenwettbewerb 2019 - Homepage der Fotofreunde Schwarzenbek\",\"isPartOf\":{\"@id\":\"https:\/\/fotofreunde-schwarzenbek.de\/#website\"},\"datePublished\":\"2020-01-13T12:56:33+00:00\",\"dateModified\":\"2021-04-09T14:13:24+00:00\",\"breadcrumb\":{\"@id\":\"https:\/\/fotofreunde-schwarzenbek.de\/?page_id=3305#breadcrumb\"},\"inLanguage\":\"de\",\"potentialAction\":[{\"@type\":\"ReadAction\",\"target\":[\"https:\/\/fotofreunde-schwarzenbek.de\/?page_id=3305\"]}]},{\"@type\":\"BreadcrumbList\",\"@id\":\"https:\/\/fotofreunde-schwarzenbek.de\/?page_id=3305#breadcrumb\",\"itemListElement\":[{\"@type\":\"ListItem\",\"position\":1,\"name\":\"Startseite\",\"item\":\"https:\/\/fotofreunde-schwarzenbek.de\/\"},{\"@type\":\"ListItem\",\"position\":2,\"name\":\"Gruppenwettbewerb 2019\"}]},{\"@type\":\"WebSite\",\"@id\":\"https:\/\/fotofreunde-schwarzenbek.de\/#website\",\"url\":\"https:\/\/fotofreunde-schwarzenbek.de\/\",\"name\":\"Homepage der Fotofreunde Schwarzenbek\",\"description\":\"Fotos, Fotos, Fotos\",\"potentialAction\":[{\"@type\":\"SearchAction\",\"target\":{\"@type\":\"EntryPoint\",\"urlTemplate\":\"https:\/\/fotofreunde-schwarzenbek.de\/?s={search_term_string}\"},\"query-input\":{\"@type\":\"PropertyValueSpecification\",\"valueRequired\":true,\"valueName\":\"search_term_string\"}}],\"inLanguage\":\"de\"}]}<\/script>\n<!-- \/ Yoast SEO plugin. -->","yoast_head_json":{"title":"Gruppenwettbewerb 2019 - Homepage der Fotofreunde Schwarzenbek","robots":{"index":"index","follow":"follow","max-snippet":"max-snippet:-1","max-image-preview":"max-image-preview:large","max-video-preview":"max-video-preview:-1"},"canonical":"https:\/\/fotofreunde-schwarzenbek.de\/?page_id=3305","og_locale":"de_DE","og_type":"article","og_title":"Gruppenwettbewerb 2019 - Homepage der Fotofreunde Schwarzenbek","og_description":"Gruppenwettbewerb 2019 Es gab 3 Teams, die jeweils eine Reportage zu einem selbstgew\u00e4hlten Thema zu erstellen hatten. Team1, Damir Markovic und Stefan Stauch, dukumentierte am 21.09.2019 eine Katastrophenschutz\u00fcbung zu einem simulierten Flugzeugabsturz in Reinfeld bei L\u00fcbeck. In der Fr\u00fche erfolgte f\u00fcr alle Hilfskr\u00e4fte die Alarmierung. Der Sammelpunkt f\u00fcr den Kreis Herzogtum Lauenburg war in Ratzeburg. [&hellip;]","og_url":"https:\/\/fotofreunde-schwarzenbek.de\/?page_id=3305","og_site_name":"Homepage der Fotofreunde Schwarzenbek","article_modified_time":"2021-04-09T14:13:24+00:00","twitter_card":"summary_large_image","twitter_misc":{"Gesch\u00e4tzte Lesezeit":"8\u00a0Minuten"},"schema":{"@context":"https:\/\/schema.org","@graph":[{"@type":"WebPage","@id":"https:\/\/fotofreunde-schwarzenbek.de\/?page_id=3305","url":"https:\/\/fotofreunde-schwarzenbek.de\/?page_id=3305","name":"Gruppenwettbewerb 2019 - Homepage der Fotofreunde Schwarzenbek","isPartOf":{"@id":"https:\/\/fotofreunde-schwarzenbek.de\/#website"},"datePublished":"2020-01-13T12:56:33+00:00","dateModified":"2021-04-09T14:13:24+00:00","breadcrumb":{"@id":"https:\/\/fotofreunde-schwarzenbek.de\/?page_id=3305#breadcrumb"},"inLanguage":"de","potentialAction":[{"@type":"ReadAction","target":["https:\/\/fotofreunde-schwarzenbek.de\/?page_id=3305"]}]},{"@type":"BreadcrumbList","@id":"https:\/\/fotofreunde-schwarzenbek.de\/?page_id=3305#breadcrumb","itemListElement":[{"@type":"ListItem","position":1,"name":"Startseite","item":"https:\/\/fotofreunde-schwarzenbek.de\/"},{"@type":"ListItem","position":2,"name":"Gruppenwettbewerb 2019"}]},{"@type":"WebSite","@id":"https:\/\/fotofreunde-schwarzenbek.de\/#website","url":"https:\/\/fotofreunde-schwarzenbek.de\/","name":"Homepage der Fotofreunde Schwarzenbek","description":"Fotos, Fotos, Fotos","potentialAction":[{"@type":"SearchAction","target":{"@type":"EntryPoint","urlTemplate":"https:\/\/fotofreunde-schwarzenbek.de\/?s={search_term_string}"},"query-input":{"@type":"PropertyValueSpecification","valueRequired":true,"valueName":"search_term_string"}}],"inLanguage":"de"}]}},"_links":{"self":[{"href":"https:\/\/fotofreunde-schwarzenbek.de\/index.php?rest_route=\/wp\/v2\/pages\/3305","targetHints":{"allow":["GET"]}}],"collection":[{"href":"https:\/\/fotofreunde-schwarzenbek.de\/index.php?rest_route=\/wp\/v2\/pages"}],"about":[{"href":"https:\/\/fotofreunde-schwarzenbek.de\/index.php?rest_route=\/wp\/v2\/types\/page"}],"author":[{"embeddable":true,"href":"https:\/\/fotofreunde-schwarzenbek.de\/index.php?rest_route=\/wp\/v2\/users\/3"}],"replies":[{"embeddable":true,"href":"https:\/\/fotofreunde-schwarzenbek.de\/index.php?rest_route=%2Fwp%2Fv2%2Fcomments&post=3305"}],"version-history":[{"count":2,"href":"https:\/\/fotofreunde-schwarzenbek.de\/index.php?rest_route=\/wp\/v2\/pages\/3305\/revisions"}],"predecessor-version":[{"id":6784,"href":"https:\/\/fotofreunde-schwarzenbek.de\/index.php?rest_route=\/wp\/v2\/pages\/3305\/revisions\/6784"}],"wp:attachment":[{"href":"https:\/\/fotofreunde-schwarzenbek.de\/index.php?rest_route=%2Fwp%2Fv2%2Fmedia&parent=3305"}],"curies":[{"name":"wp","href":"https:\/\/api.w.org\/{rel}","templated":true}]}}