{"id":1879,"date":"2019-05-31T21:21:31","date_gmt":"2019-05-31T19:21:31","guid":{"rendered":"http:\/\/test.info-fotofreunde.de\/?page_id=1879"},"modified":"2020-12-28T11:16:21","modified_gmt":"2020-12-28T10:16:21","slug":"vita-heinz","status":"publish","type":"page","link":"https:\/\/fotofreunde-schwarzenbek.de\/?page_id=1879","title":{"rendered":"Vita Heinz"},"content":{"rendered":"<p>[et_pb_section fb_built=&#8220;1&#8243; admin_label=&#8220;section&#8220; _builder_version=&#8220;3.24.1&#8243; background_color=&#8220;#e0ddd9&#8243; z_index_tablet=&#8220;500&#8243; box_shadow_horizontal_tablet=&#8220;0px&#8220; box_shadow_vertical_tablet=&#8220;0px&#8220; box_shadow_blur_tablet=&#8220;40px&#8220; box_shadow_spread_tablet=&#8220;0px&#8220;][et_pb_row use_custom_gutter=&#8220;on&#8220; gutter_width=&#8220;1&#8243; admin_label=&#8220;row&#8220; _builder_version=&#8220;3.25&#8243; background_color=&#8220;#ffffff&#8220; background_size=&#8220;initial&#8220; background_position=&#8220;top_left&#8220; background_repeat=&#8220;repeat&#8220; width_tablet=&#8220;100%&#8220; width_phone=&#8220;100%&#8220; width_last_edited=&#8220;on|tablet&#8220; max_width_tablet=&#8220;&#8220; max_width_phone=&#8220;2560%&#8220; max_width_last_edited=&#8220;on|phone&#8220; custom_margin=&#8220;-33px||&#8220;][et_pb_column type=&#8220;4_4&#8243; _builder_version=&#8220;3.25&#8243; custom_padding=&#8220;|||&#8220; custom_padding__hover=&#8220;|||&#8220;][et_pb_gallery gallery_ids=&#8220;1906,1907,1908,1909,1910,1911,1912,1913,1914,1915,1916,1917,1918,1919,1920,1921,1922,1923,1924&#8243; gallery_captions=&#8220;Dezember 18 &#8211; Vater &#038; Sohn &#8211; Herrmann Hauffe,November 18 &#8211; Der Aufmerksame &#8211; Herrmann Hauffe,Oktober 18 &#8211; Rosemarie K\u00fchnert,September 18 &#8211; Die-W\u00fcste holt sich alles zur\u00fcck- Rosemarie K\u00fchnert ,August 18 &#8211; Schrittweise &#8211; Rosemarie K\u00fchnert,Juli 18 &#8211; Fischer auf dem Walchensee bei Sonnenaufgang &#8211; Stefan Stauch,Juni 18 &#8211; Bei den Ilsef\u00e4llen &#8211; Stefan Stauch,Mai 18 &#8211; Die kuschelnden Drei &#8211; Herrmann Hauffe,April 18 &#8211; Seitensprung &#8211; Helmut K\u00fchnert,M\u00e4rz 18 &#8211; Frostige Verg\u00e4nglichkeit &#8211; Bettina Fulfs,Februar 18 &#8211; Lemur Affenart auf Madagaskar &#8211; Helmut-K\u00fchnert,Januar 18 &#8211; D\u00fcne in der Namib &#8211; Helmut-K\u00fchnert,12-Dezember &#8211; Essenfassen &#8211; Bettina Fulfs,11 November &#8211; es gibt estwas zu sagen &#8211; Heinz Winter,10 Oktober &#8211; Entenk\u00fcken &#8211; Rosemarie K\u00fchnert&#8220; show_title_and_caption=&#8220;off&#8220; zoom_icon_color=&#8220;rgba(96,96,112,0.57)&#8220; hover_overlay_color=&#8220;rgba(255,255,255,0.62)&#8220; admin_label=&#8220;Galerie BdM&#8220; _builder_version=&#8220;4.7.7&#8243; custom_padding=&#8220;|10px||10px&#8220; custom_padding_tablet=&#8220;&#8220; custom_padding_phone=&#8220;&#8220; custom_padding_last_edited=&#8220;on|phone&#8220; hover_enabled=&#8220;0&#8243; z_index_tablet=&#8220;500&#8243; custom_css_gallery_item=&#8220;padding: 5px;||&#8220; title_text_shadow_horizontal_length_tablet=&#8220;0px&#8220; title_text_shadow_vertical_length_tablet=&#8220;0px&#8220; title_text_shadow_blur_strength_tablet=&#8220;1px&#8220; caption_text_shadow_horizontal_length_tablet=&#8220;0px&#8220; caption_text_shadow_vertical_length_tablet=&#8220;0px&#8220; caption_text_shadow_blur_strength_tablet=&#8220;1px&#8220; pagination_text_shadow_horizontal_length_tablet=&#8220;0px&#8220; pagination_text_shadow_vertical_length_tablet=&#8220;0px&#8220; pagination_text_shadow_blur_strength_tablet=&#8220;1px&#8220; box_shadow_horizontal_tablet=&#8220;0px&#8220; box_shadow_vertical_tablet=&#8220;0px&#8220; box_shadow_blur_tablet=&#8220;40px&#8220; box_shadow_spread_tablet=&#8220;0px&#8220; box_shadow_horizontal_image_tablet=&#8220;0px&#8220; box_shadow_vertical_image_tablet=&#8220;0px&#8220; box_shadow_blur_image_tablet=&#8220;40px&#8220; box_shadow_spread_image_tablet=&#8220;0px&#8220; text_shadow_horizontal_length_tablet=&#8220;0px&#8220; text_shadow_vertical_length_tablet=&#8220;0px&#8220; text_shadow_blur_strength_tablet=&#8220;1px&#8220; locked=&#8220;off&#8220; sticky_enabled=&#8220;0&#8243;][\/et_pb_gallery][\/et_pb_column][\/et_pb_row][et_pb_row column_structure=&#8220;1_4,3_4&#8243; use_custom_gutter=&#8220;on&#8220; gutter_width=&#8220;1&#8243; make_equal=&#8220;on&#8220; _builder_version=&#8220;3.25&#8243; background_color=&#8220;#ffffff&#8220; width_tablet=&#8220;100%&#8220; width_phone=&#8220;100%&#8220; width_last_edited=&#8220;on|tablet&#8220; max_width_tablet=&#8220;&#8220; max_width_phone=&#8220;&#8220; max_width_last_edited=&#8220;on|desktop&#8220; min_height=&#8220;306px&#8220; custom_padding=&#8220;12px|||||&#8220;][et_pb_column type=&#8220;1_4&#8243; _builder_version=&#8220;3.25&#8243; custom_padding=&#8220;|||&#8220; custom_padding__hover=&#8220;|||&#8220;][et_pb_image src=&#8220;http:\/\/test.info-fotofreunde.de\/wp-content\/uploads\/2019\/05\/Heinz-20160709-20-shoter.jpg&#8220; align=&#8220;center&#8220; _builder_version=&#8220;3.24.1&#8243; width=&#8220;76%&#8220; width_tablet=&#8220;&#8220; width_phone=&#8220;38%&#8220; width_last_edited=&#8220;on|phone&#8220; custom_padding=&#8220;|||11px&#8220;][\/et_pb_image][\/et_pb_column][et_pb_column type=&#8220;3_4&#8243; _builder_version=&#8220;3.25&#8243; custom_padding=&#8220;|||&#8220; custom_css_main_element=&#8220;||padding: 30px;&#8220; custom_padding__hover=&#8220;|||&#8220;][et_pb_text _builder_version=&#8220;3.27.4&#8243; text_font=&#8220;||||||||&#8220; text_text_color=&#8220;#000000&#8243; custom_padding=&#8220;||2px|||&#8220; link_option_url=&#8220;http:\/\/test.info-fotofreunde.de\/?page_id=1987&#8243;]<\/p>\n<p>Heinz Winter<\/p>\n<p>Geboren wurde ich 1943 in Weidesheim, lebe aber schon seit\u00a0 den 70er Jahren hier, wo Ortsnamen auf -bek, -torf oder -ow enden.<\/p>\n<p>Ich mag es, Wirklichkeiten zu sehen, abzubilden und zu zeigen. Das Ergebnis darf aber auch etwas anderes, irritierend Interessantes oder Wichtiges sein. Dabei versuche ich gerne, einen Blick hinter das Offensichtliche zu werfen um Orientierung mit m\u00f6glichst festem Boden zu finden. Die Themen \u201eAm Boden\u201c und \u201eMenschen in der Linse\u201c begleiten mich seit Jahren.<\/p>\n<p>[\/et_pb_text][et_pb_toggle title=&#8220;Mehr&#8230;&#8220; closed_toggle_text_color=&#8220;#e02b20&#8243; icon_color=&#8220;#606060&#8243; _builder_version=&#8220;3.23.3&#8243; closed_title_font=&#8220;||||||||&#8220;]Fotografieren \u2013 mit optischen Mitteln ein Abbild erzeugen \u2013 hat f\u00fcr mich etwas mit Wirklichkeiten zu tun. Optische Bilder sind ihrem Wesen nach zwangsl\u00e4ufig unvollst\u00e4ndig. Ihnen fehlen z.B. die Informationsanteile des Infrarot  wie des UV, dann fehlt der Bereich der Akustik und die im Belebten sehr verbreiteten Ger\u00fcche. Hinzu kommen noch die Verarbeitungsfehler, zu denen ich auch die faszinierenden Vorurteile und Irrt\u00fcmer z\u00e4hle.<\/p>\n<p>Der Ann\u00e4herung an die Wirklichkeit sind demnach harte Grenzen gesetzt. Die bleiben auch, wenn ich die Mittel der nachtr\u00e4glichen Bildbearbeitung nutze.<\/p>\n<p>Es stellt sich jedoch die Frage, aus welchem Grund will oder soll ich mich der Wirklichkeit ann\u00e4hern. Eine Antwort hierzu habe ich nicht. Warum soll das erzeugte Bild sofort oder nach der Bearbeitung in unserem Gehirn nicht einfach sch\u00f6n sein und positiv empfundene Reize ausl\u00f6sen?<\/p>\n<p>Wenn ich fotografiere, freut es mich etwas zu finden, das eine Bedeutung haben kann. Etwas, das sonst unbeachtet bliebe \u2013 weil es zu gro\u00df oder zu klein oder sonst wie unauff\u00e4llig oder auch unerw\u00fcnscht bliebe.<\/p>\n<p>Die Art und Weise, wie ich die optisch erzeugten Bild abspeichere, ist mir grunds\u00e4tzlich unbedeutend. Bei der Handhabung sind jedoch die mit den \u00fcblichen Techniken der digitalen Computertechnik gespeicherten Bilder viel angenehmer. Die Bearbeitung ist bei Tageslicht mit gewohntem Werkzeug (Computer) m\u00f6glich. Die Aufbewahrung und Darstellungsm\u00f6glichkeit der digitalen Bilder ist konkurrenzlos.<\/p>\n<p>Erstaunlich ist f\u00fcr mich, dass es f\u00fcr die Bewertung von Fotos brauchbare Regelsysteme zu geben scheint, w\u00e4hrend dies in dem Bereich der Kunst nicht so eng  gesehen wird.<br \/>\nWobei aber auch hier von \u201eLehrern\u201c Noten gegeben werden (m\u00fcssen) und durch Beach\u00adtung, Auswahl und auch durch den Preis eine Bewertung vorgenommen wird.<\/p>\n<p>Ein weites Feld mit Platz f\u00fcr viele und vieles. Viel Vergn\u00fcgen!<br \/>\n[\/et_pb_toggle][\/et_pb_column][\/et_pb_row][et_pb_row use_custom_gutter=&#8220;on&#8220; gutter_width=&#8220;1&#8243; admin_label=&#8220;row&#8220; _builder_version=&#8220;3.25&#8243; background_color=&#8220;#ffffff&#8220; background_size=&#8220;initial&#8220; background_position=&#8220;top_left&#8220; background_repeat=&#8220;repeat&#8220; width_tablet=&#8220;100%&#8220; width_phone=&#8220;100%&#8220; width_last_edited=&#8220;on|tablet&#8220; min_height=&#8220;180px&#8220; custom_margin=&#8220;-19px|auto||auto||&#8220; custom_padding=&#8220;15px|||||&#8220;][et_pb_column type=&#8220;4_4&#8243; _builder_version=&#8220;3.25&#8243; custom_padding=&#8220;|||&#8220; custom_padding__hover=&#8220;|||&#8220;][et_pb_gallery gallery_ids=&#8220;1925,1926,1927,1928,1929,1930,1931,1932,1933,1934,1935,1936,1937,1938,1939,1940,1941,1942,1943,1944,1945&#8243; gallery_captions=&#8220;Dezember 18 &#8211; Vater &#038; Sohn &#8211; Herrmann Hauffe,November 18 &#8211; Der Aufmerksame &#8211; Herrmann Hauffe,Oktober 18 &#8211; Rosemarie K\u00fchnert,September 18 &#8211; Die-W\u00fcste holt sich alles zur\u00fcck- Rosemarie K\u00fchnert ,August 18 &#8211; Schrittweise &#8211; Rosemarie K\u00fchnert,Juli 18 &#8211; Fischer auf dem Walchensee bei Sonnenaufgang &#8211; Stefan Stauch,Juni 18 &#8211; Bei den Ilsef\u00e4llen &#8211; Stefan Stauch,Mai 18 &#8211; Die kuschelnden Drei &#8211; Herrmann Hauffe,April 18 &#8211; Seitensprung &#8211; Helmut K\u00fchnert,M\u00e4rz 18 &#8211; Frostige Verg\u00e4nglichkeit &#8211; Bettina Fulfs,Februar 18 &#8211; Lemur Affenart auf Madagaskar &#8211; Helmut-K\u00fchnert,Januar 18 &#8211; D\u00fcne in der Namib &#8211; Helmut-K\u00fchnert,12-Dezember &#8211; Essenfassen &#8211; Bettina Fulfs,11 November &#8211; es gibt estwas zu sagen &#8211; Heinz Winter,10 Oktober &#8211; Entenk\u00fcken &#8211; Rosemarie K\u00fchnert&#8220; show_title_and_caption=&#8220;off&#8220; zoom_icon_color=&#8220;rgba(96,96,112,0.57)&#8220; hover_overlay_color=&#8220;rgba(255,255,255,0.62)&#8220; admin_label=&#8220;Galerie BdM&#8220; _builder_version=&#8220;4.7.7&#8243; custom_margin=&#8220;|7px||7px&#8220; hover_enabled=&#8220;0&#8243; z_index_tablet=&#8220;500&#8243; custom_css_gallery_item=&#8220;padding: 5px;||||&#8220; title_text_shadow_horizontal_length_tablet=&#8220;0px&#8220; title_text_shadow_vertical_length_tablet=&#8220;0px&#8220; title_text_shadow_blur_strength_tablet=&#8220;1px&#8220; caption_text_shadow_horizontal_length_tablet=&#8220;0px&#8220; caption_text_shadow_vertical_length_tablet=&#8220;0px&#8220; caption_text_shadow_blur_strength_tablet=&#8220;1px&#8220; pagination_text_shadow_horizontal_length_tablet=&#8220;0px&#8220; pagination_text_shadow_vertical_length_tablet=&#8220;0px&#8220; pagination_text_shadow_blur_strength_tablet=&#8220;1px&#8220; box_shadow_horizontal_tablet=&#8220;0px&#8220; box_shadow_vertical_tablet=&#8220;0px&#8220; box_shadow_blur_tablet=&#8220;40px&#8220; box_shadow_spread_tablet=&#8220;0px&#8220; box_shadow_horizontal_image_tablet=&#8220;0px&#8220; box_shadow_vertical_image_tablet=&#8220;0px&#8220; box_shadow_blur_image_tablet=&#8220;40px&#8220; box_shadow_spread_image_tablet=&#8220;0px&#8220; text_shadow_horizontal_length_tablet=&#8220;0px&#8220; text_shadow_vertical_length_tablet=&#8220;0px&#8220; text_shadow_blur_strength_tablet=&#8220;1px&#8220; locked=&#8220;off&#8220; sticky_enabled=&#8220;0&#8243;][\/et_pb_gallery][\/et_pb_column][\/et_pb_row][et_pb_row _builder_version=&#8220;4.7.4&#8243; _module_preset=&#8220;default&#8220; background_color=&#8220;#ffffff&#8220; width_tablet=&#8220;&#8220; width_phone=&#8220;100%&#8220; width_last_edited=&#8220;on|phone&#8220;][et_pb_column type=&#8220;4_4&#8243; _builder_version=&#8220;4.7.4&#8243; _module_preset=&#8220;default&#8220;][et_pb_button button_url=&#8220;https:\/\/fotofreunde-schwarzenbek.de\/?page_id=1811&#8243; button_text=&#8220;weiter zum n\u00e4chsten Mitglied&#8220; button_alignment=&#8220;right&#8220; _builder_version=&#8220;4.7.4&#8243; _module_preset=&#8220;default&#8220; custom_button=&#8220;on&#8220; button_text_color=&#8220;#000000&#8243; custom_padding=&#8220;0px|||||&#8220;][\/et_pb_button][\/et_pb_column][\/et_pb_row][\/et_pb_section]<\/p>\n","protected":false},"excerpt":{"rendered":"<p>Heinz Winter Geboren wurde ich 1943 in Weidesheim, lebe aber schon seit\u00a0 den 70er Jahren hier, wo Ortsnamen auf -bek, -torf oder -ow enden. Ich mag es, Wirklichkeiten zu sehen, abzubilden und zu zeigen. Das Ergebnis darf aber auch etwas anderes, irritierend Interessantes oder Wichtiges sein. Dabei versuche ich gerne, einen Blick hinter das Offensichtliche [&hellip;]<\/p>\n","protected":false},"author":3,"featured_media":0,"parent":0,"menu_order":0,"comment_status":"closed","ping_status":"closed","template":"","meta":{"_et_pb_use_builder":"on","_et_pb_old_content":"","_et_gb_content_width":"","footnotes":""},"class_list":["post-1879","page","type-page","status-publish","hentry"],"yoast_head":"<!-- This site is optimized with the Yoast SEO plugin v27.2 - https:\/\/yoast.com\/product\/yoast-seo-wordpress\/ -->\n<title>Vita Heinz - Homepage der Fotofreunde Schwarzenbek<\/title>\n<meta name=\"robots\" content=\"index, follow, max-snippet:-1, max-image-preview:large, max-video-preview:-1\" \/>\n<link rel=\"canonical\" href=\"https:\/\/fotofreunde-schwarzenbek.de\/?page_id=1879\" \/>\n<meta property=\"og:locale\" content=\"de_DE\" \/>\n<meta property=\"og:type\" content=\"article\" \/>\n<meta property=\"og:title\" content=\"Vita Heinz - Homepage der Fotofreunde Schwarzenbek\" \/>\n<meta property=\"og:description\" content=\"Heinz Winter Geboren wurde ich 1943 in Weidesheim, lebe aber schon seit\u00a0 den 70er Jahren hier, wo Ortsnamen auf -bek, -torf oder -ow enden. Ich mag es, Wirklichkeiten zu sehen, abzubilden und zu zeigen. Das Ergebnis darf aber auch etwas anderes, irritierend Interessantes oder Wichtiges sein. Dabei versuche ich gerne, einen Blick hinter das Offensichtliche [&hellip;]\" \/>\n<meta property=\"og:url\" content=\"https:\/\/fotofreunde-schwarzenbek.de\/?page_id=1879\" \/>\n<meta property=\"og:site_name\" content=\"Homepage der Fotofreunde Schwarzenbek\" \/>\n<meta property=\"article:modified_time\" content=\"2020-12-28T10:16:21+00:00\" \/>\n<meta name=\"twitter:card\" content=\"summary_large_image\" \/>\n<meta name=\"twitter:label1\" content=\"Gesch\u00e4tzte Lesezeit\" \/>\n\t<meta name=\"twitter:data1\" content=\"7\u00a0Minuten\" \/>\n<script type=\"application\/ld+json\" class=\"yoast-schema-graph\">{\"@context\":\"https:\/\/schema.org\",\"@graph\":[{\"@type\":\"WebPage\",\"@id\":\"https:\/\/fotofreunde-schwarzenbek.de\/?page_id=1879\",\"url\":\"https:\/\/fotofreunde-schwarzenbek.de\/?page_id=1879\",\"name\":\"Vita Heinz - Homepage der Fotofreunde Schwarzenbek\",\"isPartOf\":{\"@id\":\"https:\/\/fotofreunde-schwarzenbek.de\/#website\"},\"datePublished\":\"2019-05-31T19:21:31+00:00\",\"dateModified\":\"2020-12-28T10:16:21+00:00\",\"breadcrumb\":{\"@id\":\"https:\/\/fotofreunde-schwarzenbek.de\/?page_id=1879#breadcrumb\"},\"inLanguage\":\"de\",\"potentialAction\":[{\"@type\":\"ReadAction\",\"target\":[\"https:\/\/fotofreunde-schwarzenbek.de\/?page_id=1879\"]}]},{\"@type\":\"BreadcrumbList\",\"@id\":\"https:\/\/fotofreunde-schwarzenbek.de\/?page_id=1879#breadcrumb\",\"itemListElement\":[{\"@type\":\"ListItem\",\"position\":1,\"name\":\"Startseite\",\"item\":\"https:\/\/fotofreunde-schwarzenbek.de\/\"},{\"@type\":\"ListItem\",\"position\":2,\"name\":\"Vita Heinz\"}]},{\"@type\":\"WebSite\",\"@id\":\"https:\/\/fotofreunde-schwarzenbek.de\/#website\",\"url\":\"https:\/\/fotofreunde-schwarzenbek.de\/\",\"name\":\"Homepage der Fotofreunde Schwarzenbek\",\"description\":\"Fotos, Fotos, Fotos\",\"potentialAction\":[{\"@type\":\"SearchAction\",\"target\":{\"@type\":\"EntryPoint\",\"urlTemplate\":\"https:\/\/fotofreunde-schwarzenbek.de\/?s={search_term_string}\"},\"query-input\":{\"@type\":\"PropertyValueSpecification\",\"valueRequired\":true,\"valueName\":\"search_term_string\"}}],\"inLanguage\":\"de\"}]}<\/script>\n<!-- \/ Yoast SEO plugin. -->","yoast_head_json":{"title":"Vita Heinz - Homepage der Fotofreunde Schwarzenbek","robots":{"index":"index","follow":"follow","max-snippet":"max-snippet:-1","max-image-preview":"max-image-preview:large","max-video-preview":"max-video-preview:-1"},"canonical":"https:\/\/fotofreunde-schwarzenbek.de\/?page_id=1879","og_locale":"de_DE","og_type":"article","og_title":"Vita Heinz - Homepage der Fotofreunde Schwarzenbek","og_description":"Heinz Winter Geboren wurde ich 1943 in Weidesheim, lebe aber schon seit\u00a0 den 70er Jahren hier, wo Ortsnamen auf -bek, -torf oder -ow enden. Ich mag es, Wirklichkeiten zu sehen, abzubilden und zu zeigen. Das Ergebnis darf aber auch etwas anderes, irritierend Interessantes oder Wichtiges sein. Dabei versuche ich gerne, einen Blick hinter das Offensichtliche [&hellip;]","og_url":"https:\/\/fotofreunde-schwarzenbek.de\/?page_id=1879","og_site_name":"Homepage der Fotofreunde Schwarzenbek","article_modified_time":"2020-12-28T10:16:21+00:00","twitter_card":"summary_large_image","twitter_misc":{"Gesch\u00e4tzte Lesezeit":"7\u00a0Minuten"},"schema":{"@context":"https:\/\/schema.org","@graph":[{"@type":"WebPage","@id":"https:\/\/fotofreunde-schwarzenbek.de\/?page_id=1879","url":"https:\/\/fotofreunde-schwarzenbek.de\/?page_id=1879","name":"Vita Heinz - Homepage der Fotofreunde Schwarzenbek","isPartOf":{"@id":"https:\/\/fotofreunde-schwarzenbek.de\/#website"},"datePublished":"2019-05-31T19:21:31+00:00","dateModified":"2020-12-28T10:16:21+00:00","breadcrumb":{"@id":"https:\/\/fotofreunde-schwarzenbek.de\/?page_id=1879#breadcrumb"},"inLanguage":"de","potentialAction":[{"@type":"ReadAction","target":["https:\/\/fotofreunde-schwarzenbek.de\/?page_id=1879"]}]},{"@type":"BreadcrumbList","@id":"https:\/\/fotofreunde-schwarzenbek.de\/?page_id=1879#breadcrumb","itemListElement":[{"@type":"ListItem","position":1,"name":"Startseite","item":"https:\/\/fotofreunde-schwarzenbek.de\/"},{"@type":"ListItem","position":2,"name":"Vita Heinz"}]},{"@type":"WebSite","@id":"https:\/\/fotofreunde-schwarzenbek.de\/#website","url":"https:\/\/fotofreunde-schwarzenbek.de\/","name":"Homepage der Fotofreunde Schwarzenbek","description":"Fotos, Fotos, Fotos","potentialAction":[{"@type":"SearchAction","target":{"@type":"EntryPoint","urlTemplate":"https:\/\/fotofreunde-schwarzenbek.de\/?s={search_term_string}"},"query-input":{"@type":"PropertyValueSpecification","valueRequired":true,"valueName":"search_term_string"}}],"inLanguage":"de"}]}},"_links":{"self":[{"href":"https:\/\/fotofreunde-schwarzenbek.de\/index.php?rest_route=\/wp\/v2\/pages\/1879","targetHints":{"allow":["GET"]}}],"collection":[{"href":"https:\/\/fotofreunde-schwarzenbek.de\/index.php?rest_route=\/wp\/v2\/pages"}],"about":[{"href":"https:\/\/fotofreunde-schwarzenbek.de\/index.php?rest_route=\/wp\/v2\/types\/page"}],"author":[{"embeddable":true,"href":"https:\/\/fotofreunde-schwarzenbek.de\/index.php?rest_route=\/wp\/v2\/users\/3"}],"replies":[{"embeddable":true,"href":"https:\/\/fotofreunde-schwarzenbek.de\/index.php?rest_route=%2Fwp%2Fv2%2Fcomments&post=1879"}],"version-history":[{"count":2,"href":"https:\/\/fotofreunde-schwarzenbek.de\/index.php?rest_route=\/wp\/v2\/pages\/1879\/revisions"}],"predecessor-version":[{"id":5742,"href":"https:\/\/fotofreunde-schwarzenbek.de\/index.php?rest_route=\/wp\/v2\/pages\/1879\/revisions\/5742"}],"wp:attachment":[{"href":"https:\/\/fotofreunde-schwarzenbek.de\/index.php?rest_route=%2Fwp%2Fv2%2Fmedia&parent=1879"}],"curies":[{"name":"wp","href":"https:\/\/api.w.org\/{rel}","templated":true}]}}